{"id":999,"date":"2020-09-22T02:54:11","date_gmt":"2020-09-22T02:54:11","guid":{"rendered":"http:\/\/wpdemo.archiwp.com\/maxbizz\/?page_id=999"},"modified":"2021-07-07T17:23:25","modified_gmt":"2021-07-07T14:23:25","slug":"split-klima-sistemleri","status":"publish","type":"page","link":"https:\/\/hbklima.com\/index.php\/hb-klima-hizmetleri\/split-klima-sistemleri\/","title":{"rendered":"Split Klima Sistemleri"},"content":{"rendered":"\t\t<div data-elementor-type=\"wp-page\" data-elementor-id=\"999\" class=\"elementor elementor-999\">\n\t\t\t\t\t\t<section class=\"elementor-section elementor-top-section elementor-element elementor-element-49a9e54 elementor-reverse-tablet elementor-reverse-mobile elementor-section-boxed elementor-section-height-default elementor-section-height-default\" data-id=\"49a9e54\" data-element_type=\"section\" data-e-type=\"section\">\n\t\t\t\t\t\t<div class=\"elementor-container elementor-column-gap-extended\">\n\t\t\t\t\t<div class=\"elementor-column elementor-col-100 elementor-top-column elementor-element elementor-element-8476875 ot-flex-column-vertical\" data-id=\"8476875\" data-element_type=\"column\" data-e-type=\"column\">\n\t\t\t<div class=\"elementor-widget-wrap elementor-element-populated\">\n\t\t\t\t\t\t<div class=\"elementor-element elementor-element-917372f elementor-widget elementor-widget-image\" data-id=\"917372f\" data-element_type=\"widget\" data-e-type=\"widget\" data-widget_type=\"image.default\">\n\t\t\t\t<div class=\"elementor-widget-container\">\n\t\t\t\t\t\t\t\t\t\t\t\t\t\t\t<img fetchpriority=\"high\" decoding=\"async\" width=\"1024\" height=\"512\" src=\"https:\/\/hbklima.com\/wp-content\/uploads\/2021\/07\/split-klima-sistemleri-montaji-arizasi-bakimi-servisi-firmasi-sirketi-1024x512.jpg\" class=\"attachment-large size-large wp-image-2290\" alt=\"Klima Servisi Split Klima Sistemi Montaj\u0131 Bak\u0131m\u0131 Firmas\u0131 \u015eirketi\" srcset=\"https:\/\/hbklima.com\/wp-content\/uploads\/2021\/07\/split-klima-sistemleri-montaji-arizasi-bakimi-servisi-firmasi-sirketi-1024x512.jpg 1024w, https:\/\/hbklima.com\/wp-content\/uploads\/2021\/07\/split-klima-sistemleri-montaji-arizasi-bakimi-servisi-firmasi-sirketi-300x150.jpg 300w, https:\/\/hbklima.com\/wp-content\/uploads\/2021\/07\/split-klima-sistemleri-montaji-arizasi-bakimi-servisi-firmasi-sirketi-768x384.jpg 768w, https:\/\/hbklima.com\/wp-content\/uploads\/2021\/07\/split-klima-sistemleri-montaji-arizasi-bakimi-servisi-firmasi-sirketi.jpg 1200w\" sizes=\"(max-width: 1024px) 100vw, 1024px\" \/>\t\t\t\t\t\t\t\t\t\t\t\t\t\t\t<\/div>\n\t\t\t\t<\/div>\n\t\t\t\t<div class=\"elementor-element elementor-element-1ab3c81 elementor-widget elementor-widget-heading\" data-id=\"1ab3c81\" data-element_type=\"widget\" data-e-type=\"widget\" data-widget_type=\"heading.default\">\n\t\t\t\t<div class=\"elementor-widget-container\">\n\t\t\t\t\t<h3 class=\"elementor-heading-title elementor-size-default\">Split Klima Sistemleri <\/h3>\t\t\t\t<\/div>\n\t\t\t\t<\/div>\n\t\t\t\t<div class=\"elementor-element elementor-element-b303387 elementor-widget elementor-widget-text-editor\" data-id=\"b303387\" data-element_type=\"widget\" data-e-type=\"widget\" data-widget_type=\"text-editor.default\">\n\t\t\t\t<div class=\"elementor-widget-container\">\n\t\t\t\t\t\t\t\t\t<p><span data-contrast=\"auto\">Split\u00a0klima sistemleri; ba\u011f\u0131ms\u0131z \u00fcniteleri ve kulland\u0131klar\u0131 \u00e7evre dostu gazlarla \u00e7ok verimli yeni nesil klima sistemleridir.\u00a0Split\u00a0klimalar, yeni iklimlendirme sistemleriyle \u00fcretilen klimalard\u0131r. Bu klimalarda\u00a0hidroflorokarbon\u00a0(HFC) kar\u015f\u0131m\u0131 olan ve \u201cR410A\u201d ad\u0131 verilen so\u011futucu gazlar kullan\u0131l\u0131r.\u00a0Split\u00a0klimalar; mono\u00a0split\u00a0ve\u00a0multi\u00a0split\u00a0sistemler olarak ikiye ayr\u0131lmaktad\u0131r.<\/span><span data-ccp-props=\"{&quot;201341983&quot;:0,&quot;335559739&quot;:160,&quot;335559740&quot;:259}\">\u00a0<\/span><\/p><p><span data-contrast=\"auto\">Mono\u00a0split\u00a0klimalar; i\u00e7 ve d\u0131\u015f \u00fcnitelerden olu\u015fur. Genellikle evler, kafeler ve restoranlar gibi daha k\u00fc\u00e7\u00fck alanlarda kullan\u0131l\u0131r.<\/span><span data-ccp-props=\"{&quot;201341983&quot;:0,&quot;335559739&quot;:160,&quot;335559740&quot;:259}\">\u00a0<\/span><\/p><p><span data-contrast=\"auto\">Split\u00a0klimalar ba\u011f\u0131ms\u0131z \u00fcniteler kullan\u0131larak \u00e7evre dostu gazlarla \u00e7al\u0131\u015fan sistemlerdir. Klima sistemleri s\u0131cakl\u0131\u011f\u0131 ve so\u011fuklu\u011fu d\u00fczenlemek i\u00e7in kullan\u0131lan en efektif sistemlerdir. Temel olarak i\u00e7 ve d\u0131\u015f \u00fcniteden olu\u015fan\u00a0split\u00a0klimalar, ekonomik ve pratik kullan\u0131ma sahiptir. Klima sistemleri i\u00e7erisinde en \u00e7ok tercih edilen klima sistemleri\u00a0split\u00a0klimalard\u0131r.<\/span><span data-ccp-props=\"{&quot;201341983&quot;:0,&quot;335559739&quot;:160,&quot;335559740&quot;:259}\">\u00a0<\/span><\/p><p><span data-contrast=\"auto\">Kendisini olu\u015fturan i\u00e7 ve d\u0131\u015f \u00fcniteler birbirlerinden ba\u011f\u0131ms\u0131z bir \u015fekilde \u00e7al\u0131\u015fmaktad\u0131r. Tek bir d\u0131\u015f \u00fcniteye birden fazla i\u00e7 \u00fcnite ba\u011flanabilmesine\u00a0imk\u00e2n\u00a0tan\u0131mamaktad\u0131r. Kullan\u0131m\u0131n en y\u00fcksek oldu\u011fu klima \u00e7e\u015fidi olmas\u0131 nedeniyle g\u00fcn\u00fcm\u00fczde \u00fcretilen neredeyse b\u00fct\u00fcn klimalar\u00a0split\u00a0klima mant\u0131\u011f\u0131 ile \u00fcretilmektedir.<\/span><span data-ccp-props=\"{&quot;201341983&quot;:0,&quot;335559739&quot;:160,&quot;335559740&quot;:259}\">\u00a0<\/span><\/p><p><span data-contrast=\"auto\">Split\u00a0Klima Sistemleri; Kanal montaj\u0131na gerek duyulmaz. Bu nedenle di\u011fer klima sistemlerine k\u0131yasla \u00e7ok daha kolay bir kuruluma sahiptir. Ayr\u0131ca\u00a0Split\u00a0klima sistemlerinde g\u00fcr\u00fclt\u00fcye en \u00e7ok neden olan par\u00e7alar aras\u0131nda bulunan kompres\u00f6r ve fan par\u00e7alar\u0131 d\u0131\u015f \u00fcnitede bulunur. Bu sayede\u00a0mek\u00e2n\u00a0i\u00e7erisinde sessiz \u00e7al\u0131\u015fma sa\u011flanmaktad\u0131r.<\/span><span data-ccp-props=\"{&quot;201341983&quot;:0,&quot;335559739&quot;:160,&quot;335559740&quot;:259}\">\u00a0<\/span><\/p><p><span data-contrast=\"auto\">Split\u00a0klima sistemleri, t\u00fcm i\u00e7 mekanlara ve ya\u015fam tarzlar\u0131na uygun \u015f\u0131k \u00e7\u00f6z\u00fcmlerde \u00fcst\u00fcn performans, enerji verimlili\u011fi ve konfor sunar. Kapsaml\u0131 \u00fcr\u00fcn yelpazesi, daha d\u00fc\u015f\u00fck maliyetler ve \u00e7evre duyarl\u0131l\u0131\u011f\u0131 i\u00e7in son teknoloji kullan\u0131lmaktad\u0131r.\u00a0Split\u00a0Klima Sistemleri y\u00fcksek performansl\u0131 kompres\u00f6r teknolojisi ile sorunsuz ve verimli bir \u00e7al\u0131\u015fma sa\u011flar. Kaplad\u0131\u011f\u0131 k\u00fc\u00e7\u00fck alan adresleme \u00f6zelli\u011fi kurulumu kolayla\u015ft\u0131r\u0131lmaktad\u0131r. Ayr\u0131ca\u00a0split\u00a0klima sistemleri, A++ enerji s\u0131n\u0131f\u0131na sahip Klima sistemlerindendir.\u00a0Ak\u0131ll\u0131\u00a0tasar\u0131m\u0131 sayesinde filtresi kolayca \u00e7\u0131kar\u0131l\u0131p temizlenebilir ve b\u00f6ylece daha sa\u011fl\u0131kl\u0131 bir hava ak\u0131\u015f\u0131 elde edilebilir.<\/span><span data-ccp-props=\"{&quot;201341983&quot;:0,&quot;335559739&quot;:160,&quot;335559740&quot;:259}\">\u00a0<\/span><\/p>\t\t\t\t\t\t\t\t<\/div>\n\t\t\t\t<\/div>\n\t\t\t\t\t<\/div>\n\t\t<\/div>\n\t\t\t\t\t<\/div>\n\t\t<\/section>\n\t\t\t\t<\/div>\n\t\t","protected":false},"excerpt":{"rendered":"<p>Split Klima Sistemleri Split\u00a0klima sistemleri; ba\u011f\u0131ms\u0131z \u00fcniteleri ve kulland\u0131klar\u0131 \u00e7evre dostu gazlarla \u00e7ok verimli yeni nesil klima sistemleridir.\u00a0Split\u00a0klimalar, yeni iklimlendirme sistemleriyle \u00fcretilen klimalard\u0131r. Bu klimalarda\u00a0hidroflorokarbon\u00a0(HFC) kar\u015f\u0131m\u0131 olan ve \u201cR410A\u201d ad\u0131 verilen so\u011futucu gazlar kullan\u0131l\u0131r.\u00a0Split\u00a0klimalar; mono\u00a0split\u00a0ve\u00a0multi\u00a0split\u00a0sistemler olarak ikiye ayr\u0131lmaktad\u0131r.\u00a0 Mono\u00a0split\u00a0klimalar; i\u00e7 ve d\u0131\u015f \u00fcnitelerden olu\u015fur. Genellikle evler, kafeler ve restoranlar gibi daha k\u00fc\u00e7\u00fck alanlarda kullan\u0131l\u0131r.\u00a0 Split\u00a0klimalar [&hellip;]<\/p>\n","protected":false},"author":1,"featured_media":0,"parent":868,"menu_order":0,"comment_status":"closed","ping_status":"closed","template":"","meta":{"footnotes":""},"class_list":["post-999","page","type-page","status-publish","hentry"],"yoast_head":"<!-- This site is optimized with the Yoast SEO plugin v27.4 - https:\/\/yoast.com\/product\/yoast-seo-wordpress\/ -->\n<title>Split Klima Sistemleri | HB Klima Teknik Servisi | \u0130klimlendirme Hizmeti<\/title>\n<meta name=\"description\" content=\"Split klima sistemleri; ba\u011f\u0131ms\u0131z \u00fcniteleri ve kulland\u0131klar\u0131 \u00e7evre dostu gazlarla \u00e7ok verimli yeni nesil klima sistemleridir.\" \/>\n<meta name=\"robots\" content=\"index, follow, max-snippet:-1, max-image-preview:large, max-video-preview:-1\" \/>\n<link rel=\"canonical\" href=\"https:\/\/hbklima.com\/index.php\/hb-klima-hizmetleri\/split-klima-sistemleri\/\" \/>\n<meta property=\"og:locale\" content=\"tr_TR\" \/>\n<meta property=\"og:type\" content=\"article\" \/>\n<meta property=\"og:title\" content=\"Split Klima Sistemleri | HB Klima Teknik Servisi | \u0130klimlendirme Hizmeti\" \/>\n<meta property=\"og:description\" content=\"Split klima sistemleri; ba\u011f\u0131ms\u0131z \u00fcniteleri ve kulland\u0131klar\u0131 \u00e7evre dostu gazlarla \u00e7ok verimli yeni nesil klima sistemleridir.\" \/>\n<meta property=\"og:url\" content=\"https:\/\/hbklima.com\/index.php\/hb-klima-hizmetleri\/split-klima-sistemleri\/\" \/>\n<meta property=\"og:site_name\" content=\"HB Klima Servisi\" \/>\n<meta property=\"article:modified_time\" content=\"2021-07-07T14:23:25+00:00\" \/>\n<meta property=\"og:image\" content=\"https:\/\/hbklima.com\/wp-content\/uploads\/2021\/07\/split-klima-sistemleri-montaji-arizasi-bakimi-servisi-firmasi-sirketi-1024x512.jpg\" \/>\n<meta name=\"twitter:card\" content=\"summary_large_image\" \/>\n<meta name=\"twitter:label1\" content=\"Tahmini okuma s\u00fcresi\" \/>\n\t<meta name=\"twitter:data1\" content=\"2 dakika\" \/>\n<script type=\"application\/ld+json\" class=\"yoast-schema-graph\">{\"@context\":\"https:\\\/\\\/schema.org\",\"@graph\":[{\"@type\":\"WebPage\",\"@id\":\"https:\\\/\\\/hbklima.com\\\/index.php\\\/hb-klima-hizmetleri\\\/split-klima-sistemleri\\\/\",\"url\":\"https:\\\/\\\/hbklima.com\\\/index.php\\\/hb-klima-hizmetleri\\\/split-klima-sistemleri\\\/\",\"name\":\"Split Klima Sistemleri | HB Klima Teknik Servisi | \u0130klimlendirme Hizmeti\",\"isPartOf\":{\"@id\":\"https:\\\/\\\/hbklima.com\\\/#website\"},\"primaryImageOfPage\":{\"@id\":\"https:\\\/\\\/hbklima.com\\\/index.php\\\/hb-klima-hizmetleri\\\/split-klima-sistemleri\\\/#primaryimage\"},\"image\":{\"@id\":\"https:\\\/\\\/hbklima.com\\\/index.php\\\/hb-klima-hizmetleri\\\/split-klima-sistemleri\\\/#primaryimage\"},\"thumbnailUrl\":\"https:\\\/\\\/hbklima.com\\\/wp-content\\\/uploads\\\/2021\\\/07\\\/split-klima-sistemleri-montaji-arizasi-bakimi-servisi-firmasi-sirketi-1024x512.jpg\",\"datePublished\":\"2020-09-22T02:54:11+00:00\",\"dateModified\":\"2021-07-07T14:23:25+00:00\",\"description\":\"Split klima sistemleri; ba\u011f\u0131ms\u0131z \u00fcniteleri ve kulland\u0131klar\u0131 \u00e7evre dostu gazlarla \u00e7ok verimli yeni nesil klima sistemleridir.\",\"breadcrumb\":{\"@id\":\"https:\\\/\\\/hbklima.com\\\/index.php\\\/hb-klima-hizmetleri\\\/split-klima-sistemleri\\\/#breadcrumb\"},\"inLanguage\":\"tr\",\"potentialAction\":[{\"@type\":\"ReadAction\",\"target\":[\"https:\\\/\\\/hbklima.com\\\/index.php\\\/hb-klima-hizmetleri\\\/split-klima-sistemleri\\\/\"]}]},{\"@type\":\"ImageObject\",\"inLanguage\":\"tr\",\"@id\":\"https:\\\/\\\/hbklima.com\\\/index.php\\\/hb-klima-hizmetleri\\\/split-klima-sistemleri\\\/#primaryimage\",\"url\":\"https:\\\/\\\/hbklima.com\\\/wp-content\\\/uploads\\\/2021\\\/07\\\/split-klima-sistemleri-montaji-arizasi-bakimi-servisi-firmasi-sirketi.jpg\",\"contentUrl\":\"https:\\\/\\\/hbklima.com\\\/wp-content\\\/uploads\\\/2021\\\/07\\\/split-klima-sistemleri-montaji-arizasi-bakimi-servisi-firmasi-sirketi.jpg\",\"width\":1200,\"height\":600,\"caption\":\"Klima Servisi Split Klima Sistemi Montaj\u0131 Bak\u0131m\u0131 Firmas\u0131 \u015eirketi\"},{\"@type\":\"BreadcrumbList\",\"@id\":\"https:\\\/\\\/hbklima.com\\\/index.php\\\/hb-klima-hizmetleri\\\/split-klima-sistemleri\\\/#breadcrumb\",\"itemListElement\":[{\"@type\":\"ListItem\",\"position\":1,\"name\":\"Anasayfa\",\"item\":\"https:\\\/\\\/hbklima.com\\\/\"},{\"@type\":\"ListItem\",\"position\":2,\"name\":\"HB Klima Hizmetleri\",\"item\":\"https:\\\/\\\/hbklima.com\\\/index.php\\\/hb-klima-hizmetleri\\\/\"},{\"@type\":\"ListItem\",\"position\":3,\"name\":\"Split Klima Sistemleri\"}]},{\"@type\":\"WebSite\",\"@id\":\"https:\\\/\\\/hbklima.com\\\/#website\",\"url\":\"https:\\\/\\\/hbklima.com\\\/\",\"name\":\"HB Klima Servisi\",\"description\":\"Klima Servisi\",\"potentialAction\":[{\"@type\":\"SearchAction\",\"target\":{\"@type\":\"EntryPoint\",\"urlTemplate\":\"https:\\\/\\\/hbklima.com\\\/?s={search_term_string}\"},\"query-input\":{\"@type\":\"PropertyValueSpecification\",\"valueRequired\":true,\"valueName\":\"search_term_string\"}}],\"inLanguage\":\"tr\"}]}<\/script>\n<!-- \/ Yoast SEO plugin. -->","yoast_head_json":{"title":"Split Klima Sistemleri | HB Klima Teknik Servisi | \u0130klimlendirme Hizmeti","description":"Split klima sistemleri; ba\u011f\u0131ms\u0131z \u00fcniteleri ve kulland\u0131klar\u0131 \u00e7evre dostu gazlarla \u00e7ok verimli yeni nesil klima sistemleridir.","robots":{"index":"index","follow":"follow","max-snippet":"max-snippet:-1","max-image-preview":"max-image-preview:large","max-video-preview":"max-video-preview:-1"},"canonical":"https:\/\/hbklima.com\/index.php\/hb-klima-hizmetleri\/split-klima-sistemleri\/","og_locale":"tr_TR","og_type":"article","og_title":"Split Klima Sistemleri | HB Klima Teknik Servisi | \u0130klimlendirme Hizmeti","og_description":"Split klima sistemleri; ba\u011f\u0131ms\u0131z \u00fcniteleri ve kulland\u0131klar\u0131 \u00e7evre dostu gazlarla \u00e7ok verimli yeni nesil klima sistemleridir.","og_url":"https:\/\/hbklima.com\/index.php\/hb-klima-hizmetleri\/split-klima-sistemleri\/","og_site_name":"HB Klima Servisi","article_modified_time":"2021-07-07T14:23:25+00:00","og_image":[{"url":"https:\/\/hbklima.com\/wp-content\/uploads\/2021\/07\/split-klima-sistemleri-montaji-arizasi-bakimi-servisi-firmasi-sirketi-1024x512.jpg","type":"","width":"","height":""}],"twitter_card":"summary_large_image","twitter_misc":{"Tahmini okuma s\u00fcresi":"2 dakika"},"schema":{"@context":"https:\/\/schema.org","@graph":[{"@type":"WebPage","@id":"https:\/\/hbklima.com\/index.php\/hb-klima-hizmetleri\/split-klima-sistemleri\/","url":"https:\/\/hbklima.com\/index.php\/hb-klima-hizmetleri\/split-klima-sistemleri\/","name":"Split Klima Sistemleri | HB Klima Teknik Servisi | \u0130klimlendirme Hizmeti","isPartOf":{"@id":"https:\/\/hbklima.com\/#website"},"primaryImageOfPage":{"@id":"https:\/\/hbklima.com\/index.php\/hb-klima-hizmetleri\/split-klima-sistemleri\/#primaryimage"},"image":{"@id":"https:\/\/hbklima.com\/index.php\/hb-klima-hizmetleri\/split-klima-sistemleri\/#primaryimage"},"thumbnailUrl":"https:\/\/hbklima.com\/wp-content\/uploads\/2021\/07\/split-klima-sistemleri-montaji-arizasi-bakimi-servisi-firmasi-sirketi-1024x512.jpg","datePublished":"2020-09-22T02:54:11+00:00","dateModified":"2021-07-07T14:23:25+00:00","description":"Split klima sistemleri; ba\u011f\u0131ms\u0131z \u00fcniteleri ve kulland\u0131klar\u0131 \u00e7evre dostu gazlarla \u00e7ok verimli yeni nesil klima sistemleridir.","breadcrumb":{"@id":"https:\/\/hbklima.com\/index.php\/hb-klima-hizmetleri\/split-klima-sistemleri\/#breadcrumb"},"inLanguage":"tr","potentialAction":[{"@type":"ReadAction","target":["https:\/\/hbklima.com\/index.php\/hb-klima-hizmetleri\/split-klima-sistemleri\/"]}]},{"@type":"ImageObject","inLanguage":"tr","@id":"https:\/\/hbklima.com\/index.php\/hb-klima-hizmetleri\/split-klima-sistemleri\/#primaryimage","url":"https:\/\/hbklima.com\/wp-content\/uploads\/2021\/07\/split-klima-sistemleri-montaji-arizasi-bakimi-servisi-firmasi-sirketi.jpg","contentUrl":"https:\/\/hbklima.com\/wp-content\/uploads\/2021\/07\/split-klima-sistemleri-montaji-arizasi-bakimi-servisi-firmasi-sirketi.jpg","width":1200,"height":600,"caption":"Klima Servisi Split Klima Sistemi Montaj\u0131 Bak\u0131m\u0131 Firmas\u0131 \u015eirketi"},{"@type":"BreadcrumbList","@id":"https:\/\/hbklima.com\/index.php\/hb-klima-hizmetleri\/split-klima-sistemleri\/#breadcrumb","itemListElement":[{"@type":"ListItem","position":1,"name":"Anasayfa","item":"https:\/\/hbklima.com\/"},{"@type":"ListItem","position":2,"name":"HB Klima Hizmetleri","item":"https:\/\/hbklima.com\/index.php\/hb-klima-hizmetleri\/"},{"@type":"ListItem","position":3,"name":"Split Klima Sistemleri"}]},{"@type":"WebSite","@id":"https:\/\/hbklima.com\/#website","url":"https:\/\/hbklima.com\/","name":"HB Klima Servisi","description":"Klima Servisi","potentialAction":[{"@type":"SearchAction","target":{"@type":"EntryPoint","urlTemplate":"https:\/\/hbklima.com\/?s={search_term_string}"},"query-input":{"@type":"PropertyValueSpecification","valueRequired":true,"valueName":"search_term_string"}}],"inLanguage":"tr"}]}},"_links":{"self":[{"href":"https:\/\/hbklima.com\/index.php\/wp-json\/wp\/v2\/pages\/999","targetHints":{"allow":["GET"]}}],"collection":[{"href":"https:\/\/hbklima.com\/index.php\/wp-json\/wp\/v2\/pages"}],"about":[{"href":"https:\/\/hbklima.com\/index.php\/wp-json\/wp\/v2\/types\/page"}],"author":[{"embeddable":true,"href":"https:\/\/hbklima.com\/index.php\/wp-json\/wp\/v2\/users\/1"}],"replies":[{"embeddable":true,"href":"https:\/\/hbklima.com\/index.php\/wp-json\/wp\/v2\/comments?post=999"}],"version-history":[{"count":3,"href":"https:\/\/hbklima.com\/index.php\/wp-json\/wp\/v2\/pages\/999\/revisions"}],"predecessor-version":[{"id":2293,"href":"https:\/\/hbklima.com\/index.php\/wp-json\/wp\/v2\/pages\/999\/revisions\/2293"}],"up":[{"embeddable":true,"href":"https:\/\/hbklima.com\/index.php\/wp-json\/wp\/v2\/pages\/868"}],"wp:attachment":[{"href":"https:\/\/hbklima.com\/index.php\/wp-json\/wp\/v2\/media?parent=999"}],"curies":[{"name":"wp","href":"https:\/\/api.w.org\/{rel}","templated":true}]}}