{"id":898,"date":"2020-09-14T07:28:19","date_gmt":"2020-09-14T07:28:19","guid":{"rendered":"http:\/\/wpdemo.archiwp.com\/maxbizz\/?page_id=898"},"modified":"2023-09-28T17:28:05","modified_gmt":"2023-09-28T14:28:05","slug":"vrf-klima-sistemleri","status":"publish","type":"page","link":"https:\/\/hbklima.com\/index.php\/hb-klima-hizmetleri\/vrf-klima-sistemleri\/","title":{"rendered":"VRF Klima Sistemleri"},"content":{"rendered":"\t\t<div data-elementor-type=\"wp-page\" data-elementor-id=\"898\" class=\"elementor elementor-898\">\n\t\t\t\t\t\t<section class=\"elementor-section elementor-top-section elementor-element elementor-element-317e6d4 elementor-reverse-tablet elementor-reverse-mobile elementor-section-boxed elementor-section-height-default elementor-section-height-default\" data-id=\"317e6d4\" data-element_type=\"section\" data-e-type=\"section\">\n\t\t\t\t\t\t<div class=\"elementor-container elementor-column-gap-extended\">\n\t\t\t\t\t<div class=\"elementor-column elementor-col-100 elementor-top-column elementor-element elementor-element-efbeefb ot-flex-column-vertical\" data-id=\"efbeefb\" data-element_type=\"column\" data-e-type=\"column\">\n\t\t\t<div class=\"elementor-widget-wrap elementor-element-populated\">\n\t\t\t\t\t\t<div class=\"elementor-element elementor-element-f82bab9 elementor-widget elementor-widget-image\" data-id=\"f82bab9\" data-element_type=\"widget\" data-e-type=\"widget\" data-widget_type=\"image.default\">\n\t\t\t\t<div class=\"elementor-widget-container\">\n\t\t\t\t\t\t\t\t\t\t\t\t\t\t\t<img fetchpriority=\"high\" decoding=\"async\" width=\"1200\" height=\"600\" src=\"https:\/\/hbklima.com\/wp-content\/uploads\/2021\/07\/vrf-klima-sistemleri-montaji-arizasi-bakimi-servisi-firmasi-sirketi.jpg\" class=\"attachment-full size-full wp-image-2274\" alt=\"Klima Servisi VRF Sistemi Montaj\u0131 Bak\u0131m\u0131 Firmas\u0131 \u015eirketi\" srcset=\"https:\/\/hbklima.com\/wp-content\/uploads\/2021\/07\/vrf-klima-sistemleri-montaji-arizasi-bakimi-servisi-firmasi-sirketi.jpg 1200w, https:\/\/hbklima.com\/wp-content\/uploads\/2021\/07\/vrf-klima-sistemleri-montaji-arizasi-bakimi-servisi-firmasi-sirketi-300x150.jpg 300w, https:\/\/hbklima.com\/wp-content\/uploads\/2021\/07\/vrf-klima-sistemleri-montaji-arizasi-bakimi-servisi-firmasi-sirketi-1024x512.jpg 1024w, https:\/\/hbklima.com\/wp-content\/uploads\/2021\/07\/vrf-klima-sistemleri-montaji-arizasi-bakimi-servisi-firmasi-sirketi-768x384.jpg 768w\" sizes=\"(max-width: 1200px) 100vw, 1200px\" \/>\t\t\t\t\t\t\t\t\t\t\t\t\t\t\t<\/div>\n\t\t\t\t<\/div>\n\t\t\t\t<div class=\"elementor-element elementor-element-d516166 elementor-widget elementor-widget-heading\" data-id=\"d516166\" data-element_type=\"widget\" data-e-type=\"widget\" data-widget_type=\"heading.default\">\n\t\t\t\t<div class=\"elementor-widget-container\">\n\t\t\t\t\t<h3 class=\"elementor-heading-title elementor-size-default\">VRF Klima Sistemleri<\/h3>\t\t\t\t<\/div>\n\t\t\t\t<\/div>\n\t\t\t\t<div class=\"elementor-element elementor-element-611317c elementor-widget elementor-widget-text-editor\" data-id=\"611317c\" data-element_type=\"widget\" data-e-type=\"widget\" data-widget_type=\"text-editor.default\">\n\t\t\t\t<div class=\"elementor-widget-container\">\n\t\t\t\t\t\t\t\t\t<p><span data-contrast=\"auto\">VRF Klima Sistemleri, bir d\u0131\u015f \u00fcnite ile birden fazla i\u00e7 \u00fcnitenin birbirinden ba\u011f\u0131ms\u0131z olarak kontrol edilebildi\u011fi y\u00fcksek teknolojiye sahip klima sistemleridir.<\/span><span data-ccp-props=\"{\">\u00a0<\/span><\/p><p><span data-contrast=\"auto\">VRF Klimalar\u0131 , di\u011fer klima sistemlerinden ay\u0131ran en b\u00fcy\u00fck \u00f6zellik; de\u011fi\u015fken gaz debisi sayesinde y\u00fcksek enerji tasarrufu ve \u00fcst d\u00fczey kullan\u0131m kolayl\u0131\u011f\u0131 sa\u011flamas\u0131d\u0131r. \u00c7evre dostu olmas\u0131yla da kullan\u0131m\u0131 git gide artan Merkezi Klima sistemleri, geli\u015fmi\u015f uygulama esnekli\u011fi sa\u011flamaktad\u0131r. Ayr\u0131ca bu klima sistemleri, \u00e7ok geni\u015f kapasite ve modeldeki kaset, kanal, duvar, d\u00f6\u015feme, salon tipi gibi geni\u015f i\u00e7 \u00fcnite \u00e7e\u015fitleri ile \u00e7e\u015fitli uygulamalara olanak sa\u011flamaktad\u0131r. Merkezi klima sistemleri b\u00f6lgesel iklimlendirme kontrol\u00fc sayesinde kullan\u0131c\u0131lar\u0131n konfor \u015fartlar\u0131n\u0131 kendi tercihlerine g\u00f6re ayarlama imk\u00e2n\u0131 sunmaktad\u0131r.<\/span><span data-ccp-props=\"{\">\u00a0<\/span><\/p><p><span data-contrast=\"auto\">Merkezi klima sistemleri olarak da bilinen\u00a0Vrf\u00a0Klima\u00a0sistemlerinde i\u00e7\u00a0ortam s\u0131cakl\u0131\u011f\u0131 (+)(-) 0,5 derece hassasiyetle kontrol edilir. VRF klimalar\u0131n i\u00e7inde bulunan s\u0131cakl\u0131k ve bas\u0131n\u00e7\u00a0sens\u00f6rleri\u00a0her bir i\u00e7 \u00fcnitenin d\u0131\u015f \u00fcniteye olan uzakl\u0131\u011f\u0131ndan etkilenmeden kapasite ihtiyac\u0131n\u0131 belirleyebilir. B\u00f6ylece sadece ihtiyaca cevap verecek \u015fekilde enerji transferi ger\u00e7ekle\u015ftirilmektedir.<\/span><span data-ccp-props=\"{\">\u00a0<\/span><\/p><p><span data-contrast=\"auto\">Benzersiz teknolojisi ile bu klima sistemlerieni veya eski, k\u00fc\u00e7\u00fck binalardan b\u00fcy\u00fck binalara t\u00fcm m\u00fc\u015fteri ihtiya\u00e7lar\u0131n\u0131 kar\u015f\u0131lamaktad\u0131r. Konfor kontrol\u00fc ile t\u00fcm sistemi i\u00e7 d\u0131\u015f \u00fcnite aras\u0131ndaki kablolar yard\u0131m\u0131 ile kontrol etmek m\u00fcmk\u00fcnd\u00fcr. Bu sayede kablolama i\u015flemi basitle\u015firken yanl\u0131\u015f ba\u011flant\u0131 hatalar\u0131 d\u00fczeltilmektedir<\/span><span data-ccp-props=\"{\">\u00a0<\/span><\/p><p><span data-contrast=\"auto\">VRF klima ve havaland\u0131rma sistemleri oteller, plazalar, fabrikalar, tiyatrolar, hastaneler, havaalanlar\u0131 ve di\u011fer b\u00fcy\u00fck \u00e7apl\u0131 binalar i\u00e7in s\u0131k\u00e7a tercih edilmekte olup kullan\u0131m\u0131 g\u00fcnden g\u00fcne artmaktad\u0131r.<\/span><span data-ccp-props=\"{\">\u00a0<\/span><\/p><p><span data-contrast=\"auto\">Birden fazla i\u00e7 \u00fcnitenin, tek bir bak\u0131r boru hatt\u0131yla bir d\u0131\u015f \u00fcniteye ba\u011flanmas\u0131na olanak tan\u0131yan VRF klima sistemi geli\u015fmi\u015f \u0131s\u0131 geri kazan\u0131m\u0131, mekan i\u00e7i havan\u0131n \u0131s\u0131tmas\u0131, so\u011futmas\u0131 ya da sadece temizlenmesi i\u00e7in kullan\u0131labilir. Sahip olunan b\u00f6lgesel iklimlendirme kontrol\u00fc sayesinde Merkezi klima sistemleri, kullan\u0131c\u0131n\u0131n tercihlerine g\u00f6re ayarlanabilmektedir.<\/span><span data-ccp-props=\"{\">\u00a0<\/span><\/p>\t\t\t\t\t\t\t\t<\/div>\n\t\t\t\t<\/div>\n\t\t\t\t\t<\/div>\n\t\t<\/div>\n\t\t\t\t\t<\/div>\n\t\t<\/section>\n\t\t\t\t<\/div>\n\t\t","protected":false},"excerpt":{"rendered":"<p>VRF Klima Sistemleri VRF Klima Sistemleri, bir d\u0131\u015f \u00fcnite ile birden fazla i\u00e7 \u00fcnitenin birbirinden ba\u011f\u0131ms\u0131z olarak kontrol edilebildi\u011fi y\u00fcksek teknolojiye sahip klima sistemleridir. VRF Klimalar\u0131 , di\u011fer klima sistemlerinden ay\u0131ran en b\u00fcy\u00fck \u00f6zellik; de\u011fi\u015fken gaz debisi sayesinde y\u00fcksek enerji tasarrufu ve \u00fcst d\u00fczey kullan\u0131m kolayl\u0131\u011f\u0131 sa\u011flamas\u0131d\u0131r. \u00c7evre dostu olmas\u0131yla da kullan\u0131m\u0131 git gide artan [&hellip;]<\/p>\n","protected":false},"author":1,"featured_media":0,"parent":868,"menu_order":0,"comment_status":"closed","ping_status":"closed","template":"elementor_canvas","meta":{"footnotes":""},"class_list":["post-898","page","type-page","status-publish","hentry"],"yoast_head":"<!-- This site is optimized with the Yoast SEO plugin v27.4 - https:\/\/yoast.com\/product\/yoast-seo-wordpress\/ -->\n<title>VRF Klima Sistemleri | HB Klima Teknik Servisi | \u0130klimlendirme Hizmetleri<\/title>\n<meta name=\"description\" content=\"VRF Klima Sistemleri, bir d\u0131\u015f \u00fcnite ile birden fazla i\u00e7 \u00fcnitenin birbirinden ba\u011f\u0131ms\u0131z olarak kontrol edilebildi\u011fi y\u00fcksek teknolojiye sahip\" \/>\n<meta name=\"robots\" content=\"index, follow, max-snippet:-1, max-image-preview:large, max-video-preview:-1\" \/>\n<link rel=\"canonical\" href=\"https:\/\/hbklima.com\/index.php\/hb-klima-hizmetleri\/vrf-klima-sistemleri\/\" \/>\n<meta property=\"og:locale\" content=\"tr_TR\" \/>\n<meta property=\"og:type\" content=\"article\" \/>\n<meta property=\"og:title\" content=\"VRF Klima Sistemleri | HB Klima Teknik Servisi | \u0130klimlendirme Hizmetleri\" \/>\n<meta property=\"og:description\" content=\"VRF Klima Sistemleri, bir d\u0131\u015f \u00fcnite ile birden fazla i\u00e7 \u00fcnitenin birbirinden ba\u011f\u0131ms\u0131z olarak kontrol edilebildi\u011fi y\u00fcksek teknolojiye sahip\" \/>\n<meta property=\"og:url\" content=\"https:\/\/hbklima.com\/index.php\/hb-klima-hizmetleri\/vrf-klima-sistemleri\/\" \/>\n<meta property=\"og:site_name\" content=\"HB Klima Servisi\" \/>\n<meta property=\"article:modified_time\" content=\"2023-09-28T14:28:05+00:00\" \/>\n<meta property=\"og:image\" content=\"https:\/\/hbklima.com\/wp-content\/uploads\/2021\/07\/vrf-klima-sistemleri-montaji-arizasi-bakimi-servisi-firmasi-sirketi.jpg\" \/>\n<meta name=\"twitter:card\" content=\"summary_large_image\" \/>\n<meta name=\"twitter:label1\" content=\"Tahmini okuma s\u00fcresi\" \/>\n\t<meta name=\"twitter:data1\" content=\"2 dakika\" \/>\n<script type=\"application\/ld+json\" class=\"yoast-schema-graph\">{\"@context\":\"https:\\\/\\\/schema.org\",\"@graph\":[{\"@type\":\"WebPage\",\"@id\":\"https:\\\/\\\/hbklima.com\\\/index.php\\\/hb-klima-hizmetleri\\\/vrf-klima-sistemleri\\\/\",\"url\":\"https:\\\/\\\/hbklima.com\\\/index.php\\\/hb-klima-hizmetleri\\\/vrf-klima-sistemleri\\\/\",\"name\":\"VRF Klima Sistemleri | HB Klima Teknik Servisi | \u0130klimlendirme Hizmetleri\",\"isPartOf\":{\"@id\":\"https:\\\/\\\/hbklima.com\\\/#website\"},\"primaryImageOfPage\":{\"@id\":\"https:\\\/\\\/hbklima.com\\\/index.php\\\/hb-klima-hizmetleri\\\/vrf-klima-sistemleri\\\/#primaryimage\"},\"image\":{\"@id\":\"https:\\\/\\\/hbklima.com\\\/index.php\\\/hb-klima-hizmetleri\\\/vrf-klima-sistemleri\\\/#primaryimage\"},\"thumbnailUrl\":\"https:\\\/\\\/hbklima.com\\\/wp-content\\\/uploads\\\/2021\\\/07\\\/vrf-klima-sistemleri-montaji-arizasi-bakimi-servisi-firmasi-sirketi.jpg\",\"datePublished\":\"2020-09-14T07:28:19+00:00\",\"dateModified\":\"2023-09-28T14:28:05+00:00\",\"description\":\"VRF Klima Sistemleri, bir d\u0131\u015f \u00fcnite ile birden fazla i\u00e7 \u00fcnitenin birbirinden ba\u011f\u0131ms\u0131z olarak kontrol edilebildi\u011fi y\u00fcksek teknolojiye sahip\",\"breadcrumb\":{\"@id\":\"https:\\\/\\\/hbklima.com\\\/index.php\\\/hb-klima-hizmetleri\\\/vrf-klima-sistemleri\\\/#breadcrumb\"},\"inLanguage\":\"tr\",\"potentialAction\":[{\"@type\":\"ReadAction\",\"target\":[\"https:\\\/\\\/hbklima.com\\\/index.php\\\/hb-klima-hizmetleri\\\/vrf-klima-sistemleri\\\/\"]}]},{\"@type\":\"ImageObject\",\"inLanguage\":\"tr\",\"@id\":\"https:\\\/\\\/hbklima.com\\\/index.php\\\/hb-klima-hizmetleri\\\/vrf-klima-sistemleri\\\/#primaryimage\",\"url\":\"https:\\\/\\\/hbklima.com\\\/wp-content\\\/uploads\\\/2021\\\/07\\\/vrf-klima-sistemleri-montaji-arizasi-bakimi-servisi-firmasi-sirketi.jpg\",\"contentUrl\":\"https:\\\/\\\/hbklima.com\\\/wp-content\\\/uploads\\\/2021\\\/07\\\/vrf-klima-sistemleri-montaji-arizasi-bakimi-servisi-firmasi-sirketi.jpg\",\"width\":1200,\"height\":600,\"caption\":\"Klima Servisi VRF Sistemi Montaj\u0131 Bak\u0131m\u0131 Firmas\u0131 \u015eirketi\"},{\"@type\":\"BreadcrumbList\",\"@id\":\"https:\\\/\\\/hbklima.com\\\/index.php\\\/hb-klima-hizmetleri\\\/vrf-klima-sistemleri\\\/#breadcrumb\",\"itemListElement\":[{\"@type\":\"ListItem\",\"position\":1,\"name\":\"Anasayfa\",\"item\":\"https:\\\/\\\/hbklima.com\\\/\"},{\"@type\":\"ListItem\",\"position\":2,\"name\":\"HB Klima Hizmetleri\",\"item\":\"https:\\\/\\\/hbklima.com\\\/index.php\\\/hb-klima-hizmetleri\\\/\"},{\"@type\":\"ListItem\",\"position\":3,\"name\":\"VRF Klima Sistemleri\"}]},{\"@type\":\"WebSite\",\"@id\":\"https:\\\/\\\/hbklima.com\\\/#website\",\"url\":\"https:\\\/\\\/hbklima.com\\\/\",\"name\":\"HB Klima Servisi\",\"description\":\"Klima Servisi\",\"potentialAction\":[{\"@type\":\"SearchAction\",\"target\":{\"@type\":\"EntryPoint\",\"urlTemplate\":\"https:\\\/\\\/hbklima.com\\\/?s={search_term_string}\"},\"query-input\":{\"@type\":\"PropertyValueSpecification\",\"valueRequired\":true,\"valueName\":\"search_term_string\"}}],\"inLanguage\":\"tr\"}]}<\/script>\n<!-- \/ Yoast SEO plugin. -->","yoast_head_json":{"title":"VRF Klima Sistemleri | HB Klima Teknik Servisi | \u0130klimlendirme Hizmetleri","description":"VRF Klima Sistemleri, bir d\u0131\u015f \u00fcnite ile birden fazla i\u00e7 \u00fcnitenin birbirinden ba\u011f\u0131ms\u0131z olarak kontrol edilebildi\u011fi y\u00fcksek teknolojiye sahip","robots":{"index":"index","follow":"follow","max-snippet":"max-snippet:-1","max-image-preview":"max-image-preview:large","max-video-preview":"max-video-preview:-1"},"canonical":"https:\/\/hbklima.com\/index.php\/hb-klima-hizmetleri\/vrf-klima-sistemleri\/","og_locale":"tr_TR","og_type":"article","og_title":"VRF Klima Sistemleri | HB Klima Teknik Servisi | \u0130klimlendirme Hizmetleri","og_description":"VRF Klima Sistemleri, bir d\u0131\u015f \u00fcnite ile birden fazla i\u00e7 \u00fcnitenin birbirinden ba\u011f\u0131ms\u0131z olarak kontrol edilebildi\u011fi y\u00fcksek teknolojiye sahip","og_url":"https:\/\/hbklima.com\/index.php\/hb-klima-hizmetleri\/vrf-klima-sistemleri\/","og_site_name":"HB Klima Servisi","article_modified_time":"2023-09-28T14:28:05+00:00","og_image":[{"url":"https:\/\/hbklima.com\/wp-content\/uploads\/2021\/07\/vrf-klima-sistemleri-montaji-arizasi-bakimi-servisi-firmasi-sirketi.jpg","type":"","width":"","height":""}],"twitter_card":"summary_large_image","twitter_misc":{"Tahmini okuma s\u00fcresi":"2 dakika"},"schema":{"@context":"https:\/\/schema.org","@graph":[{"@type":"WebPage","@id":"https:\/\/hbklima.com\/index.php\/hb-klima-hizmetleri\/vrf-klima-sistemleri\/","url":"https:\/\/hbklima.com\/index.php\/hb-klima-hizmetleri\/vrf-klima-sistemleri\/","name":"VRF Klima Sistemleri | HB Klima Teknik Servisi | \u0130klimlendirme Hizmetleri","isPartOf":{"@id":"https:\/\/hbklima.com\/#website"},"primaryImageOfPage":{"@id":"https:\/\/hbklima.com\/index.php\/hb-klima-hizmetleri\/vrf-klima-sistemleri\/#primaryimage"},"image":{"@id":"https:\/\/hbklima.com\/index.php\/hb-klima-hizmetleri\/vrf-klima-sistemleri\/#primaryimage"},"thumbnailUrl":"https:\/\/hbklima.com\/wp-content\/uploads\/2021\/07\/vrf-klima-sistemleri-montaji-arizasi-bakimi-servisi-firmasi-sirketi.jpg","datePublished":"2020-09-14T07:28:19+00:00","dateModified":"2023-09-28T14:28:05+00:00","description":"VRF Klima Sistemleri, bir d\u0131\u015f \u00fcnite ile birden fazla i\u00e7 \u00fcnitenin birbirinden ba\u011f\u0131ms\u0131z olarak kontrol edilebildi\u011fi y\u00fcksek teknolojiye sahip","breadcrumb":{"@id":"https:\/\/hbklima.com\/index.php\/hb-klima-hizmetleri\/vrf-klima-sistemleri\/#breadcrumb"},"inLanguage":"tr","potentialAction":[{"@type":"ReadAction","target":["https:\/\/hbklima.com\/index.php\/hb-klima-hizmetleri\/vrf-klima-sistemleri\/"]}]},{"@type":"ImageObject","inLanguage":"tr","@id":"https:\/\/hbklima.com\/index.php\/hb-klima-hizmetleri\/vrf-klima-sistemleri\/#primaryimage","url":"https:\/\/hbklima.com\/wp-content\/uploads\/2021\/07\/vrf-klima-sistemleri-montaji-arizasi-bakimi-servisi-firmasi-sirketi.jpg","contentUrl":"https:\/\/hbklima.com\/wp-content\/uploads\/2021\/07\/vrf-klima-sistemleri-montaji-arizasi-bakimi-servisi-firmasi-sirketi.jpg","width":1200,"height":600,"caption":"Klima Servisi VRF Sistemi Montaj\u0131 Bak\u0131m\u0131 Firmas\u0131 \u015eirketi"},{"@type":"BreadcrumbList","@id":"https:\/\/hbklima.com\/index.php\/hb-klima-hizmetleri\/vrf-klima-sistemleri\/#breadcrumb","itemListElement":[{"@type":"ListItem","position":1,"name":"Anasayfa","item":"https:\/\/hbklima.com\/"},{"@type":"ListItem","position":2,"name":"HB Klima Hizmetleri","item":"https:\/\/hbklima.com\/index.php\/hb-klima-hizmetleri\/"},{"@type":"ListItem","position":3,"name":"VRF Klima Sistemleri"}]},{"@type":"WebSite","@id":"https:\/\/hbklima.com\/#website","url":"https:\/\/hbklima.com\/","name":"HB Klima Servisi","description":"Klima Servisi","potentialAction":[{"@type":"SearchAction","target":{"@type":"EntryPoint","urlTemplate":"https:\/\/hbklima.com\/?s={search_term_string}"},"query-input":{"@type":"PropertyValueSpecification","valueRequired":true,"valueName":"search_term_string"}}],"inLanguage":"tr"}]}},"_links":{"self":[{"href":"https:\/\/hbklima.com\/index.php\/wp-json\/wp\/v2\/pages\/898","targetHints":{"allow":["GET"]}}],"collection":[{"href":"https:\/\/hbklima.com\/index.php\/wp-json\/wp\/v2\/pages"}],"about":[{"href":"https:\/\/hbklima.com\/index.php\/wp-json\/wp\/v2\/types\/page"}],"author":[{"embeddable":true,"href":"https:\/\/hbklima.com\/index.php\/wp-json\/wp\/v2\/users\/1"}],"replies":[{"embeddable":true,"href":"https:\/\/hbklima.com\/index.php\/wp-json\/wp\/v2\/comments?post=898"}],"version-history":[{"count":4,"href":"https:\/\/hbklima.com\/index.php\/wp-json\/wp\/v2\/pages\/898\/revisions"}],"predecessor-version":[{"id":3247,"href":"https:\/\/hbklima.com\/index.php\/wp-json\/wp\/v2\/pages\/898\/revisions\/3247"}],"up":[{"embeddable":true,"href":"https:\/\/hbklima.com\/index.php\/wp-json\/wp\/v2\/pages\/868"}],"wp:attachment":[{"href":"https:\/\/hbklima.com\/index.php\/wp-json\/wp\/v2\/media?parent=898"}],"curies":[{"name":"wp","href":"https:\/\/api.w.org\/{rel}","templated":true}]}}