{"id":2201,"date":"2021-07-07T11:16:51","date_gmt":"2021-07-07T08:16:51","guid":{"rendered":"https:\/\/hbklima.com\/?page_id=2201"},"modified":"2021-07-10T15:26:14","modified_gmt":"2021-07-10T12:26:14","slug":"klima-tamiri-ve-onarim","status":"publish","type":"page","link":"https:\/\/hbklima.com\/index.php\/klima-tamiri-ve-onarim\/","title":{"rendered":"Klima Tamir ve Onar\u0131m\u0131"},"content":{"rendered":"\t\t<div data-elementor-type=\"wp-page\" data-elementor-id=\"2201\" class=\"elementor elementor-2201\">\n\t\t\t\t\t\t<section class=\"elementor-section elementor-top-section elementor-element elementor-element-859d1eb elementor-section-boxed elementor-section-height-default elementor-section-height-default\" data-id=\"859d1eb\" data-element_type=\"section\" data-e-type=\"section\">\n\t\t\t\t\t\t<div class=\"elementor-container elementor-column-gap-default\">\n\t\t\t\t\t<div class=\"elementor-column elementor-col-100 elementor-top-column elementor-element elementor-element-0ac405b ot-flex-column-vertical\" data-id=\"0ac405b\" data-element_type=\"column\" data-e-type=\"column\">\n\t\t\t<div class=\"elementor-widget-wrap elementor-element-populated\">\n\t\t\t\t\t\t<div class=\"elementor-element elementor-element-ac715a4 elementor-widget elementor-widget-heading\" data-id=\"ac715a4\" data-element_type=\"widget\" data-e-type=\"widget\" data-widget_type=\"heading.default\">\n\t\t\t\t<div class=\"elementor-widget-container\">\n\t\t\t\t\t<h3 class=\"elementor-heading-title elementor-size-default\">Klima Tamir ve Onar\u0131m\u0131<\/h3>\t\t\t\t<\/div>\n\t\t\t\t<\/div>\n\t\t\t\t\t<\/div>\n\t\t<\/div>\n\t\t\t\t\t<\/div>\n\t\t<\/section>\n\t\t\t\t<section class=\"elementor-section elementor-top-section elementor-element elementor-element-4b5c584 elementor-section-boxed elementor-section-height-default elementor-section-height-default\" data-id=\"4b5c584\" data-element_type=\"section\" data-e-type=\"section\">\n\t\t\t\t\t\t<div class=\"elementor-container elementor-column-gap-default\">\n\t\t\t\t\t<div class=\"elementor-column elementor-col-50 elementor-top-column elementor-element elementor-element-195a3ba ot-flex-column-vertical\" data-id=\"195a3ba\" data-element_type=\"column\" data-e-type=\"column\">\n\t\t\t<div class=\"elementor-widget-wrap elementor-element-populated\">\n\t\t\t\t\t\t<div class=\"elementor-element elementor-element-8103655 elementor-widget elementor-widget-image\" data-id=\"8103655\" data-element_type=\"widget\" data-e-type=\"widget\" data-widget_type=\"image.default\">\n\t\t\t\t<div class=\"elementor-widget-container\">\n\t\t\t\t\t\t\t\t\t\t\t\t\t\t\t<img fetchpriority=\"high\" decoding=\"async\" width=\"1024\" height=\"683\" src=\"https:\/\/hbklima.com\/wp-content\/uploads\/2021\/07\/klima-sistemleri-montaji-arizasi-bakimi-servisi-firmasi-sirketi-5-1024x683.jpg\" class=\"attachment-large size-large wp-image-2298\" alt=\"Klima Bak\u0131m\u0131 Tamiri Bak\u0131m\u0131 Onar\u0131m\u0131 \u015eirketi Firmas\u0131\" srcset=\"https:\/\/hbklima.com\/wp-content\/uploads\/2021\/07\/klima-sistemleri-montaji-arizasi-bakimi-servisi-firmasi-sirketi-5-1024x683.jpg 1024w, https:\/\/hbklima.com\/wp-content\/uploads\/2021\/07\/klima-sistemleri-montaji-arizasi-bakimi-servisi-firmasi-sirketi-5-300x200.jpg 300w, https:\/\/hbklima.com\/wp-content\/uploads\/2021\/07\/klima-sistemleri-montaji-arizasi-bakimi-servisi-firmasi-sirketi-5-768x512.jpg 768w, https:\/\/hbklima.com\/wp-content\/uploads\/2021\/07\/klima-sistemleri-montaji-arizasi-bakimi-servisi-firmasi-sirketi-5-600x400.jpg 600w, https:\/\/hbklima.com\/wp-content\/uploads\/2021\/07\/klima-sistemleri-montaji-arizasi-bakimi-servisi-firmasi-sirketi-5.jpg 1200w\" sizes=\"(max-width: 1024px) 100vw, 1024px\" \/>\t\t\t\t\t\t\t\t\t\t\t\t\t\t\t<\/div>\n\t\t\t\t<\/div>\n\t\t\t\t\t<\/div>\n\t\t<\/div>\n\t\t\t\t<div class=\"elementor-column elementor-col-50 elementor-top-column elementor-element elementor-element-33f800c ot-flex-column-vertical\" data-id=\"33f800c\" data-element_type=\"column\" data-e-type=\"column\">\n\t\t\t<div class=\"elementor-widget-wrap elementor-element-populated\">\n\t\t\t\t\t\t<div class=\"elementor-element elementor-element-090aa37 elementor-widget elementor-widget-text-editor\" data-id=\"090aa37\" data-element_type=\"widget\" data-e-type=\"widget\" data-widget_type=\"text-editor.default\">\n\t\t\t\t<div class=\"elementor-widget-container\">\n\t\t\t\t\t\t\t\t\t<p>Klimalar g\u00fcn\u00fcm\u00fczde en \u00e7ok kullan\u0131lan iklimlendirme\u00a0 cihazlar\u0131ndand\u0131r. K\u0131\u015f\u0131n oday\u0131 \u0131s\u0131tmak yaz\u0131n ise daha serin bir ortam yaratmak i\u00e7in klimalar\u0131n iklimlendirme \u00f6zelliklerinden yararlan\u0131lmaktad\u0131r. Son derece i\u015flevsel olan klima sistemleri hayat\u0131 b\u00fcy\u00fck oranda kolayla\u015ft\u0131rmaktad\u0131r. Kaliteli bir markan\u0131n klimas\u0131 uzun y\u0131llar kullan\u0131lma imk\u00e2n\u0131 sunsa da zaman zaman bu cihazlar\u0131n bozulma belirtileri olabilmektedir. Klima tamiri konusunda profesyonel olan firmam\u0131z cihazlar\u0131n\u0131z\u0131n uzun y\u0131llar bozulmadan kullan\u0131labilmesine imk\u00e2n yaratmaktad\u0131r.<\/p>\t\t\t\t\t\t\t\t<\/div>\n\t\t\t\t<\/div>\n\t\t\t\t\t<\/div>\n\t\t<\/div>\n\t\t\t\t\t<\/div>\n\t\t<\/section>\n\t\t\t\t<section class=\"elementor-section elementor-top-section elementor-element elementor-element-8f1e270 elementor-section-boxed elementor-section-height-default elementor-section-height-default\" data-id=\"8f1e270\" data-element_type=\"section\" data-e-type=\"section\">\n\t\t\t\t\t\t<div class=\"elementor-container elementor-column-gap-default\">\n\t\t\t\t\t<div class=\"elementor-column elementor-col-50 elementor-top-column elementor-element elementor-element-2c3a31a ot-flex-column-vertical\" data-id=\"2c3a31a\" data-element_type=\"column\" data-e-type=\"column\">\n\t\t\t<div class=\"elementor-widget-wrap elementor-element-populated\">\n\t\t\t\t\t\t<div class=\"elementor-element elementor-element-de9c50f elementor-widget elementor-widget-text-editor\" data-id=\"de9c50f\" data-element_type=\"widget\" data-e-type=\"widget\" data-widget_type=\"text-editor.default\">\n\t\t\t\t<div class=\"elementor-widget-container\">\n\t\t\t\t\t\t\t\t\t<p>HB Klima olarak firmam\u0131z klima tamiri ve onar\u0131m himzeti sunmaktay\u0131z. Kalite standartlar\u0131m\u0131z son derece y\u00fcksek olup bu s\u00fcre\u00e7te cihazlar\u0131n\u0131zda meydana gelen ar\u0131zalar\u0131 yerinde tamir etmeye \u00f6zen g\u00f6steriyoruz. S\u0131kl\u0131kla kar\u015f\u0131la\u015f\u0131lan klima ar\u0131zalar\u0131 firmam\u0131z\u0131n deneyimli \u00e7al\u0131\u015fanlar\u0131 taraf\u0131ndan g\u00fcn i\u00e7erisinde h\u0131zl\u0131 bir \u015fekilde onar\u0131m\u0131 ger\u00e7ekle\u015ftirilmektedir.<\/p>\t\t\t\t\t\t\t\t<\/div>\n\t\t\t\t<\/div>\n\t\t\t\t<div class=\"elementor-element elementor-element-80cfba6 elementor-widget elementor-widget-text-editor\" data-id=\"80cfba6\" data-element_type=\"widget\" data-e-type=\"widget\" data-widget_type=\"text-editor.default\">\n\t\t\t\t<div class=\"elementor-widget-container\">\n\t\t\t\t\t\t\t\t\t<p>Klima Tamiri ve onar\u0131m alan\u0131nda profesyonel olan firmam\u0131z bu hizmeti her zaman cihazlar\u0131n bulundu\u011fu yerde vermeye \u00f6zen g\u00f6stermektedir. Klima tamiri s\u0131ras\u0131nda ortaya \u00e7\u0131kabilecek yedek par\u00e7a de\u011fi\u015fimlerinde mutlaka orijinal yedek par\u00e7alar kullanmaya \u00f6nem veriyoruz. Klima tamiri i\u015flemlerinde her zaman garantili olan hizmetlerimiz cihazlar\u0131n\u0131z\u0131n da daha uzun \u00f6m\u00fcrl\u00fc olmas\u0131n\u0131 sa\u011flamaktad\u0131r.<\/p>\t\t\t\t\t\t\t\t<\/div>\n\t\t\t\t<\/div>\n\t\t\t\t\t<\/div>\n\t\t<\/div>\n\t\t\t\t<div class=\"elementor-column elementor-col-50 elementor-top-column elementor-element elementor-element-09538b5 ot-flex-column-vertical\" data-id=\"09538b5\" data-element_type=\"column\" data-e-type=\"column\">\n\t\t\t<div class=\"elementor-widget-wrap elementor-element-populated\">\n\t\t\t\t\t\t<div class=\"elementor-element elementor-element-124c9e6 elementor-widget elementor-widget-image\" data-id=\"124c9e6\" data-element_type=\"widget\" data-e-type=\"widget\" data-widget_type=\"image.default\">\n\t\t\t\t<div class=\"elementor-widget-container\">\n\t\t\t\t\t\t\t\t\t\t\t\t\t\t\t<img decoding=\"async\" width=\"1024\" height=\"683\" src=\"https:\/\/hbklima.com\/wp-content\/uploads\/2021\/07\/klima-tamir-bakim-servisi-1024x683.jpg\" class=\"attachment-large size-large wp-image-2324\" alt=\"Klima Bak\u0131m\u0131 Tamiri Bak\u0131m\u0131 Onar\u0131m\u0131 Firmas\u0131\" srcset=\"https:\/\/hbklima.com\/wp-content\/uploads\/2021\/07\/klima-tamir-bakim-servisi-1024x683.jpg 1024w, https:\/\/hbklima.com\/wp-content\/uploads\/2021\/07\/klima-tamir-bakim-servisi-300x200.jpg 300w, https:\/\/hbklima.com\/wp-content\/uploads\/2021\/07\/klima-tamir-bakim-servisi-768x512.jpg 768w, https:\/\/hbklima.com\/wp-content\/uploads\/2021\/07\/klima-tamir-bakim-servisi-600x400.jpg 600w, https:\/\/hbklima.com\/wp-content\/uploads\/2021\/07\/klima-tamir-bakim-servisi.jpg 1200w\" sizes=\"(max-width: 1024px) 100vw, 1024px\" \/>\t\t\t\t\t\t\t\t\t\t\t\t\t\t\t<\/div>\n\t\t\t\t<\/div>\n\t\t\t\t\t<\/div>\n\t\t<\/div>\n\t\t\t\t\t<\/div>\n\t\t<\/section>\n\t\t\t\t<section class=\"elementor-section elementor-top-section elementor-element elementor-element-7576118 elementor-section-boxed elementor-section-height-default elementor-section-height-default\" data-id=\"7576118\" data-element_type=\"section\" data-e-type=\"section\">\n\t\t\t\t\t\t<div class=\"elementor-container elementor-column-gap-default\">\n\t\t\t\t\t<div class=\"elementor-column elementor-col-50 elementor-top-column elementor-element elementor-element-34a4660 ot-flex-column-vertical\" data-id=\"34a4660\" data-element_type=\"column\" data-e-type=\"column\">\n\t\t\t<div class=\"elementor-widget-wrap elementor-element-populated\">\n\t\t\t\t\t\t<div class=\"elementor-element elementor-element-a44325c elementor-widget elementor-widget-image\" data-id=\"a44325c\" data-element_type=\"widget\" data-e-type=\"widget\" data-widget_type=\"image.default\">\n\t\t\t\t<div class=\"elementor-widget-container\">\n\t\t\t\t\t\t\t\t\t\t\t\t\t\t\t<img decoding=\"async\" width=\"1024\" height=\"683\" src=\"https:\/\/hbklima.com\/wp-content\/uploads\/2021\/07\/klima-tamir-bakim-servisi-sirketi-1024x683.jpg\" class=\"attachment-large size-large wp-image-2325\" alt=\"Klima Bak\u0131m\u0131 Tamiri Bak\u0131m\u0131 Onar\u0131m\u0131 \u015eirketi\" srcset=\"https:\/\/hbklima.com\/wp-content\/uploads\/2021\/07\/klima-tamir-bakim-servisi-sirketi-1024x683.jpg 1024w, https:\/\/hbklima.com\/wp-content\/uploads\/2021\/07\/klima-tamir-bakim-servisi-sirketi-300x200.jpg 300w, https:\/\/hbklima.com\/wp-content\/uploads\/2021\/07\/klima-tamir-bakim-servisi-sirketi-768x512.jpg 768w, https:\/\/hbklima.com\/wp-content\/uploads\/2021\/07\/klima-tamir-bakim-servisi-sirketi-600x400.jpg 600w, https:\/\/hbklima.com\/wp-content\/uploads\/2021\/07\/klima-tamir-bakim-servisi-sirketi.jpg 1200w\" sizes=\"(max-width: 1024px) 100vw, 1024px\" \/>\t\t\t\t\t\t\t\t\t\t\t\t\t\t\t<\/div>\n\t\t\t\t<\/div>\n\t\t\t\t\t<\/div>\n\t\t<\/div>\n\t\t\t\t<div class=\"elementor-column elementor-col-50 elementor-top-column elementor-element elementor-element-5c77379 ot-flex-column-vertical\" data-id=\"5c77379\" data-element_type=\"column\" data-e-type=\"column\">\n\t\t\t<div class=\"elementor-widget-wrap elementor-element-populated\">\n\t\t\t\t\t\t<div class=\"elementor-element elementor-element-53e734d elementor-widget elementor-widget-text-editor\" data-id=\"53e734d\" data-element_type=\"widget\" data-e-type=\"widget\" data-widget_type=\"text-editor.default\">\n\t\t\t\t<div class=\"elementor-widget-container\">\n\t\t\t\t\t\t\t\t\t<p>Klima sistemlerinde farkl\u0131 \u00f6zelliklere ve durumlara has bir\u00e7ok farkl\u0131 par\u00e7a bulunmaktad\u0131r. Bu par\u00e7alardan baz\u0131 b\u00f6l\u00fcmlerin kliman\u0131n programlamas\u0131n\u0131 ve elektrik ba\u011flant\u0131lar\u0131n\u0131 kontrol ederek, baz\u0131 par\u00e7alar so\u011futma sisteminin veya motorun k\u0131sm\u0131n\u0131 etkilemektedir. Bu nedenle klimalar\u0131n\u0131z\u0131n tamirini ve onar\u0131m\u0131n\u0131 d\u00fczenli olarak yapt\u0131rman\u0131z b\u00fcy\u00fck \u00f6nem ta\u015f\u0131maktad\u0131r.<\/p>\t\t\t\t\t\t\t\t<\/div>\n\t\t\t\t<\/div>\n\t\t\t\t<div class=\"elementor-element elementor-element-1a75d1c elementor-widget elementor-widget-text-editor\" data-id=\"1a75d1c\" data-element_type=\"widget\" data-e-type=\"widget\" data-widget_type=\"text-editor.default\">\n\t\t\t\t<div class=\"elementor-widget-container\">\n\t\t\t\t\t\t\t\t\t<p>T\u00fcm klima markalar\u0131n\u0131n tamirini ve onar\u0131m\u0131 ger\u00e7ekle\u015ftiren HB Klima beklentilerinizin \u00f6tesinde bir hizmet vermektedir. Kalite standartlar\u0131m\u0131z son derece y\u00fcksek olup bu s\u00fcre\u00e7te sizlere en iyi klima tamir hizmetini veriyoruz. Bununla birlikte klima tamir fiyat\u0131 konusunda da her daim m\u00fc\u015fteri memnuniyetine gereken \u00f6zeni g\u00f6steriyoruz. Sekt\u00f6rde ki en uygun klima tamir fiyatlar\u0131m\u0131z i\u00e7in bizlere her zaman ula\u015fabilirsiniz.<\/p>\t\t\t\t\t\t\t\t<\/div>\n\t\t\t\t<\/div>\n\t\t\t\t\t<\/div>\n\t\t<\/div>\n\t\t\t\t\t<\/div>\n\t\t<\/section>\n\t\t\t\t<\/div>\n\t\t","protected":false},"excerpt":{"rendered":"<p>Klima Tamir ve Onar\u0131m\u0131 Klimalar g\u00fcn\u00fcm\u00fczde en \u00e7ok kullan\u0131lan iklimlendirme\u00a0 cihazlar\u0131ndand\u0131r. K\u0131\u015f\u0131n oday\u0131 \u0131s\u0131tmak yaz\u0131n ise daha serin bir ortam yaratmak i\u00e7in klimalar\u0131n iklimlendirme \u00f6zelliklerinden yararlan\u0131lmaktad\u0131r. Son derece i\u015flevsel olan klima sistemleri hayat\u0131 b\u00fcy\u00fck oranda kolayla\u015ft\u0131rmaktad\u0131r. Kaliteli bir markan\u0131n klimas\u0131 uzun y\u0131llar kullan\u0131lma imk\u00e2n\u0131 sunsa da zaman zaman bu cihazlar\u0131n bozulma belirtileri olabilmektedir. Klima tamiri [&hellip;]<\/p>\n","protected":false},"author":1,"featured_media":0,"parent":0,"menu_order":0,"comment_status":"closed","ping_status":"closed","template":"","meta":{"footnotes":""},"class_list":["post-2201","page","type-page","status-publish","hentry"],"yoast_head":"<!-- This site is optimized with the Yoast SEO plugin v27.4 - https:\/\/yoast.com\/product\/yoast-seo-wordpress\/ -->\n<title>Klima Tamir ve Onar\u0131m\u0131 - Klima Teknik Servisi - \u0130klimlendirme Hizmetleri<\/title>\n<meta name=\"description\" content=\"HB Klima olarak firmam\u0131z klima tamiri ve onar\u0131m himzeti sunmaktay\u0131z. Kalite standartlar\u0131m\u0131z son derece y\u00fcksek olup bu s\u00fcre\u00e7te cihazlar\u0131n\u0131zda\" \/>\n<meta name=\"robots\" content=\"index, follow, max-snippet:-1, max-image-preview:large, max-video-preview:-1\" \/>\n<link rel=\"canonical\" href=\"https:\/\/hbklima.com\/index.php\/klima-tamiri-ve-onarim\/\" \/>\n<meta property=\"og:locale\" content=\"tr_TR\" \/>\n<meta property=\"og:type\" content=\"article\" \/>\n<meta property=\"og:title\" content=\"Klima Tamir ve Onar\u0131m\u0131 - Klima Teknik Servisi - \u0130klimlendirme Hizmetleri\" \/>\n<meta property=\"og:description\" content=\"HB Klima olarak firmam\u0131z klima tamiri ve onar\u0131m himzeti sunmaktay\u0131z. Kalite standartlar\u0131m\u0131z son derece y\u00fcksek olup bu s\u00fcre\u00e7te cihazlar\u0131n\u0131zda\" \/>\n<meta property=\"og:url\" content=\"https:\/\/hbklima.com\/index.php\/klima-tamiri-ve-onarim\/\" \/>\n<meta property=\"og:site_name\" content=\"HB Klima Servisi\" \/>\n<meta property=\"article:modified_time\" content=\"2021-07-10T12:26:14+00:00\" \/>\n<meta property=\"og:image\" content=\"https:\/\/hbklima.com\/wp-content\/uploads\/2021\/07\/klima-sistemleri-montaji-arizasi-bakimi-servisi-firmasi-sirketi-5-1024x683.jpg\" \/>\n<meta name=\"twitter:card\" content=\"summary_large_image\" \/>\n<meta name=\"twitter:label1\" content=\"Tahmini okuma s\u00fcresi\" \/>\n\t<meta name=\"twitter:data1\" content=\"2 dakika\" \/>\n<script type=\"application\/ld+json\" class=\"yoast-schema-graph\">{\"@context\":\"https:\\\/\\\/schema.org\",\"@graph\":[{\"@type\":\"WebPage\",\"@id\":\"https:\\\/\\\/hbklima.com\\\/index.php\\\/klima-tamiri-ve-onarim\\\/\",\"url\":\"https:\\\/\\\/hbklima.com\\\/index.php\\\/klima-tamiri-ve-onarim\\\/\",\"name\":\"Klima Tamir ve Onar\u0131m\u0131 - Klima Teknik Servisi - \u0130klimlendirme Hizmetleri\",\"isPartOf\":{\"@id\":\"https:\\\/\\\/hbklima.com\\\/#website\"},\"primaryImageOfPage\":{\"@id\":\"https:\\\/\\\/hbklima.com\\\/index.php\\\/klima-tamiri-ve-onarim\\\/#primaryimage\"},\"image\":{\"@id\":\"https:\\\/\\\/hbklima.com\\\/index.php\\\/klima-tamiri-ve-onarim\\\/#primaryimage\"},\"thumbnailUrl\":\"https:\\\/\\\/hbklima.com\\\/wp-content\\\/uploads\\\/2021\\\/07\\\/klima-sistemleri-montaji-arizasi-bakimi-servisi-firmasi-sirketi-5-1024x683.jpg\",\"datePublished\":\"2021-07-07T08:16:51+00:00\",\"dateModified\":\"2021-07-10T12:26:14+00:00\",\"description\":\"HB Klima olarak firmam\u0131z klima tamiri ve onar\u0131m himzeti sunmaktay\u0131z. Kalite standartlar\u0131m\u0131z son derece y\u00fcksek olup bu s\u00fcre\u00e7te cihazlar\u0131n\u0131zda\",\"breadcrumb\":{\"@id\":\"https:\\\/\\\/hbklima.com\\\/index.php\\\/klima-tamiri-ve-onarim\\\/#breadcrumb\"},\"inLanguage\":\"tr\",\"potentialAction\":[{\"@type\":\"ReadAction\",\"target\":[\"https:\\\/\\\/hbklima.com\\\/index.php\\\/klima-tamiri-ve-onarim\\\/\"]}]},{\"@type\":\"ImageObject\",\"inLanguage\":\"tr\",\"@id\":\"https:\\\/\\\/hbklima.com\\\/index.php\\\/klima-tamiri-ve-onarim\\\/#primaryimage\",\"url\":\"https:\\\/\\\/hbklima.com\\\/wp-content\\\/uploads\\\/2021\\\/07\\\/klima-sistemleri-montaji-arizasi-bakimi-servisi-firmasi-sirketi-5.jpg\",\"contentUrl\":\"https:\\\/\\\/hbklima.com\\\/wp-content\\\/uploads\\\/2021\\\/07\\\/klima-sistemleri-montaji-arizasi-bakimi-servisi-firmasi-sirketi-5.jpg\",\"width\":1200,\"height\":800,\"caption\":\"Klima Bak\u0131m\u0131 Tamiri Bak\u0131m\u0131 Onar\u0131m\u0131 \u015eirketi Firmas\u0131\"},{\"@type\":\"BreadcrumbList\",\"@id\":\"https:\\\/\\\/hbklima.com\\\/index.php\\\/klima-tamiri-ve-onarim\\\/#breadcrumb\",\"itemListElement\":[{\"@type\":\"ListItem\",\"position\":1,\"name\":\"Anasayfa\",\"item\":\"https:\\\/\\\/hbklima.com\\\/\"},{\"@type\":\"ListItem\",\"position\":2,\"name\":\"Klima Tamir ve Onar\u0131m\u0131\"}]},{\"@type\":\"WebSite\",\"@id\":\"https:\\\/\\\/hbklima.com\\\/#website\",\"url\":\"https:\\\/\\\/hbklima.com\\\/\",\"name\":\"HB Klima Servisi\",\"description\":\"Klima Servisi\",\"potentialAction\":[{\"@type\":\"SearchAction\",\"target\":{\"@type\":\"EntryPoint\",\"urlTemplate\":\"https:\\\/\\\/hbklima.com\\\/?s={search_term_string}\"},\"query-input\":{\"@type\":\"PropertyValueSpecification\",\"valueRequired\":true,\"valueName\":\"search_term_string\"}}],\"inLanguage\":\"tr\"}]}<\/script>\n<!-- \/ Yoast SEO plugin. -->","yoast_head_json":{"title":"Klima Tamir ve Onar\u0131m\u0131 - Klima Teknik Servisi - \u0130klimlendirme Hizmetleri","description":"HB Klima olarak firmam\u0131z klima tamiri ve onar\u0131m himzeti sunmaktay\u0131z. Kalite standartlar\u0131m\u0131z son derece y\u00fcksek olup bu s\u00fcre\u00e7te cihazlar\u0131n\u0131zda","robots":{"index":"index","follow":"follow","max-snippet":"max-snippet:-1","max-image-preview":"max-image-preview:large","max-video-preview":"max-video-preview:-1"},"canonical":"https:\/\/hbklima.com\/index.php\/klima-tamiri-ve-onarim\/","og_locale":"tr_TR","og_type":"article","og_title":"Klima Tamir ve Onar\u0131m\u0131 - Klima Teknik Servisi - \u0130klimlendirme Hizmetleri","og_description":"HB Klima olarak firmam\u0131z klima tamiri ve onar\u0131m himzeti sunmaktay\u0131z. Kalite standartlar\u0131m\u0131z son derece y\u00fcksek olup bu s\u00fcre\u00e7te cihazlar\u0131n\u0131zda","og_url":"https:\/\/hbklima.com\/index.php\/klima-tamiri-ve-onarim\/","og_site_name":"HB Klima Servisi","article_modified_time":"2021-07-10T12:26:14+00:00","og_image":[{"url":"https:\/\/hbklima.com\/wp-content\/uploads\/2021\/07\/klima-sistemleri-montaji-arizasi-bakimi-servisi-firmasi-sirketi-5-1024x683.jpg","type":"","width":"","height":""}],"twitter_card":"summary_large_image","twitter_misc":{"Tahmini okuma s\u00fcresi":"2 dakika"},"schema":{"@context":"https:\/\/schema.org","@graph":[{"@type":"WebPage","@id":"https:\/\/hbklima.com\/index.php\/klima-tamiri-ve-onarim\/","url":"https:\/\/hbklima.com\/index.php\/klima-tamiri-ve-onarim\/","name":"Klima Tamir ve Onar\u0131m\u0131 - Klima Teknik Servisi - \u0130klimlendirme Hizmetleri","isPartOf":{"@id":"https:\/\/hbklima.com\/#website"},"primaryImageOfPage":{"@id":"https:\/\/hbklima.com\/index.php\/klima-tamiri-ve-onarim\/#primaryimage"},"image":{"@id":"https:\/\/hbklima.com\/index.php\/klima-tamiri-ve-onarim\/#primaryimage"},"thumbnailUrl":"https:\/\/hbklima.com\/wp-content\/uploads\/2021\/07\/klima-sistemleri-montaji-arizasi-bakimi-servisi-firmasi-sirketi-5-1024x683.jpg","datePublished":"2021-07-07T08:16:51+00:00","dateModified":"2021-07-10T12:26:14+00:00","description":"HB Klima olarak firmam\u0131z klima tamiri ve onar\u0131m himzeti sunmaktay\u0131z. Kalite standartlar\u0131m\u0131z son derece y\u00fcksek olup bu s\u00fcre\u00e7te cihazlar\u0131n\u0131zda","breadcrumb":{"@id":"https:\/\/hbklima.com\/index.php\/klima-tamiri-ve-onarim\/#breadcrumb"},"inLanguage":"tr","potentialAction":[{"@type":"ReadAction","target":["https:\/\/hbklima.com\/index.php\/klima-tamiri-ve-onarim\/"]}]},{"@type":"ImageObject","inLanguage":"tr","@id":"https:\/\/hbklima.com\/index.php\/klima-tamiri-ve-onarim\/#primaryimage","url":"https:\/\/hbklima.com\/wp-content\/uploads\/2021\/07\/klima-sistemleri-montaji-arizasi-bakimi-servisi-firmasi-sirketi-5.jpg","contentUrl":"https:\/\/hbklima.com\/wp-content\/uploads\/2021\/07\/klima-sistemleri-montaji-arizasi-bakimi-servisi-firmasi-sirketi-5.jpg","width":1200,"height":800,"caption":"Klima Bak\u0131m\u0131 Tamiri Bak\u0131m\u0131 Onar\u0131m\u0131 \u015eirketi Firmas\u0131"},{"@type":"BreadcrumbList","@id":"https:\/\/hbklima.com\/index.php\/klima-tamiri-ve-onarim\/#breadcrumb","itemListElement":[{"@type":"ListItem","position":1,"name":"Anasayfa","item":"https:\/\/hbklima.com\/"},{"@type":"ListItem","position":2,"name":"Klima Tamir ve Onar\u0131m\u0131"}]},{"@type":"WebSite","@id":"https:\/\/hbklima.com\/#website","url":"https:\/\/hbklima.com\/","name":"HB Klima Servisi","description":"Klima Servisi","potentialAction":[{"@type":"SearchAction","target":{"@type":"EntryPoint","urlTemplate":"https:\/\/hbklima.com\/?s={search_term_string}"},"query-input":{"@type":"PropertyValueSpecification","valueRequired":true,"valueName":"search_term_string"}}],"inLanguage":"tr"}]}},"_links":{"self":[{"href":"https:\/\/hbklima.com\/index.php\/wp-json\/wp\/v2\/pages\/2201","targetHints":{"allow":["GET"]}}],"collection":[{"href":"https:\/\/hbklima.com\/index.php\/wp-json\/wp\/v2\/pages"}],"about":[{"href":"https:\/\/hbklima.com\/index.php\/wp-json\/wp\/v2\/types\/page"}],"author":[{"embeddable":true,"href":"https:\/\/hbklima.com\/index.php\/wp-json\/wp\/v2\/users\/1"}],"replies":[{"embeddable":true,"href":"https:\/\/hbklima.com\/index.php\/wp-json\/wp\/v2\/comments?post=2201"}],"version-history":[{"count":35,"href":"https:\/\/hbklima.com\/index.php\/wp-json\/wp\/v2\/pages\/2201\/revisions"}],"predecessor-version":[{"id":2329,"href":"https:\/\/hbklima.com\/index.php\/wp-json\/wp\/v2\/pages\/2201\/revisions\/2329"}],"wp:attachment":[{"href":"https:\/\/hbklima.com\/index.php\/wp-json\/wp\/v2\/media?parent=2201"}],"curies":[{"name":"wp","href":"https:\/\/api.w.org\/{rel}","templated":true}]}}