{"id":2179,"date":"2021-07-06T11:00:45","date_gmt":"2021-07-06T08:00:45","guid":{"rendered":"https:\/\/hbklima.com\/?page_id=2179"},"modified":"2021-07-10T15:33:02","modified_gmt":"2021-07-10T12:33:02","slug":"klima-bakimi","status":"publish","type":"page","link":"https:\/\/hbklima.com\/index.php\/klima-bakimi\/","title":{"rendered":"Klima Bak\u0131m"},"content":{"rendered":"\t\t<div data-elementor-type=\"wp-page\" data-elementor-id=\"2179\" class=\"elementor elementor-2179\">\n\t\t\t\t\t\t<section class=\"elementor-section elementor-top-section elementor-element elementor-element-7b7a4b9 elementor-section-boxed elementor-section-height-default elementor-section-height-default\" data-id=\"7b7a4b9\" data-element_type=\"section\" data-e-type=\"section\">\n\t\t\t\t\t\t<div class=\"elementor-container elementor-column-gap-default\">\n\t\t\t\t\t<div class=\"elementor-column elementor-col-100 elementor-top-column elementor-element elementor-element-c2a5be8 ot-flex-column-vertical\" data-id=\"c2a5be8\" data-element_type=\"column\" data-e-type=\"column\">\n\t\t\t<div class=\"elementor-widget-wrap elementor-element-populated\">\n\t\t\t\t\t\t<div class=\"elementor-element elementor-element-f3c6f69 elementor-widget elementor-widget-heading\" data-id=\"f3c6f69\" data-element_type=\"widget\" data-e-type=\"widget\" data-widget_type=\"heading.default\">\n\t\t\t\t<div class=\"elementor-widget-container\">\n\t\t\t\t\t<h2 class=\"elementor-heading-title elementor-size-default\">Klima Bak\u0131m Servisi<\/h2>\t\t\t\t<\/div>\n\t\t\t\t<\/div>\n\t\t\t\t\t<\/div>\n\t\t<\/div>\n\t\t\t\t\t<\/div>\n\t\t<\/section>\n\t\t\t\t<section class=\"elementor-section elementor-top-section elementor-element elementor-element-26fe4a5 elementor-section-boxed elementor-section-height-default elementor-section-height-default\" data-id=\"26fe4a5\" data-element_type=\"section\" data-e-type=\"section\">\n\t\t\t\t\t\t<div class=\"elementor-container elementor-column-gap-default\">\n\t\t\t\t\t<div class=\"elementor-column elementor-col-50 elementor-top-column elementor-element elementor-element-ea360ae ot-flex-column-vertical\" data-id=\"ea360ae\" data-element_type=\"column\" data-e-type=\"column\">\n\t\t\t<div class=\"elementor-widget-wrap elementor-element-populated\">\n\t\t\t\t\t\t<div class=\"elementor-element elementor-element-fcce113 elementor-widget elementor-widget-image\" data-id=\"fcce113\" data-element_type=\"widget\" data-e-type=\"widget\" data-widget_type=\"image.default\">\n\t\t\t\t<div class=\"elementor-widget-container\">\n\t\t\t\t\t\t\t\t\t\t\t\t\t\t\t<img fetchpriority=\"high\" decoding=\"async\" width=\"1024\" height=\"683\" src=\"https:\/\/hbklima.com\/wp-content\/uploads\/2021\/07\/klima-bakim-servisi\u200b-1024x683.jpg\" class=\"attachment-large size-large wp-image-2330\" alt=\"Klima Bak\u0131m Servisi\u200b\" srcset=\"https:\/\/hbklima.com\/wp-content\/uploads\/2021\/07\/klima-bakim-servisi\u200b-1024x683.jpg 1024w, https:\/\/hbklima.com\/wp-content\/uploads\/2021\/07\/klima-bakim-servisi\u200b-300x200.jpg 300w, https:\/\/hbklima.com\/wp-content\/uploads\/2021\/07\/klima-bakim-servisi\u200b-768x512.jpg 768w, https:\/\/hbklima.com\/wp-content\/uploads\/2021\/07\/klima-bakim-servisi\u200b-600x400.jpg 600w, https:\/\/hbklima.com\/wp-content\/uploads\/2021\/07\/klima-bakim-servisi\u200b.jpg 1200w\" sizes=\"(max-width: 1024px) 100vw, 1024px\" \/>\t\t\t\t\t\t\t\t\t\t\t\t\t\t\t<\/div>\n\t\t\t\t<\/div>\n\t\t\t\t\t<\/div>\n\t\t<\/div>\n\t\t\t\t<div class=\"elementor-column elementor-col-50 elementor-top-column elementor-element elementor-element-283d97c ot-flex-column-vertical\" data-id=\"283d97c\" data-element_type=\"column\" data-e-type=\"column\">\n\t\t\t<div class=\"elementor-widget-wrap elementor-element-populated\">\n\t\t\t\t\t\t<div class=\"elementor-element elementor-element-f952ad2 elementor-widget elementor-widget-text-editor\" data-id=\"f952ad2\" data-element_type=\"widget\" data-e-type=\"widget\" data-widget_type=\"text-editor.default\">\n\t\t\t\t<div class=\"elementor-widget-container\">\n\t\t\t\t\t\t\t\t\t<p>Klimalar \u00e7e\u015fitli gazlar yard\u0131m\u0131yla havay\u0131 \u0131s\u0131tan veya so\u011futan iklimlendirme cihazlard\u0131r. Kulland\u0131klar\u0131 gaz miktar\u0131 azald\u0131k\u00e7a \u0131s\u0131tma ve so\u011futma kapasiteleri azalmakta, Daha \u00e7ok \u00e7al\u0131\u015f\u0131p daha az so\u011futmakta ve hem yeterli konfor sa\u011flayamazken hem de fazla elektrik t\u00fcketirler.<\/p><p>Ayr\u0131ca klimalar\u0131n hava filtreleri zaman i\u00e7inde ortamdaki tozlar nedeniyle t\u0131kan\u0131r. T\u0131kanan filtreler kliman\u0131n yeterli \u00fcfleme yapmas\u0131n\u0131 engeller. Bu da ayn\u0131 \u015fekilde yeterli \u0131s\u0131tma ve so\u011futma yapmas\u0131na engel olur.<\/p>\t\t\t\t\t\t\t\t<\/div>\n\t\t\t\t<\/div>\n\t\t\t\t<div class=\"elementor-element elementor-element-96ecc28 elementor-widget elementor-widget-text-editor\" data-id=\"96ecc28\" data-element_type=\"widget\" data-e-type=\"widget\" data-widget_type=\"text-editor.default\">\n\t\t\t\t<div class=\"elementor-widget-container\">\n\t\t\t\t\t\t\t\t\t<p>\u0130klimlendirme teknolojilerinin geli\u015fmesi ile birlikte klimalar\u0131n kullan\u0131m\u0131 olduk\u00e7a artm\u0131\u015ft\u0131r. Ancak her elektronik cihaz gibi klima sistemleride ar\u0131zaland\u0131klar\u0131nda tamir edilmesi ve belirli s\u00fcrelerde bak\u0131m yap\u0131lmas\u0131 gerekmektedir.\u00a0 tecr\u00fcbeli ve g\u00fcvenilir bir <strong>klima servisi<\/strong>nin <strong>klima bak\u0131m\u0131<\/strong> ger\u00e7ekle\u015ftirdi\u011fi klima sistemleri \u00e7ok daha uzun \u00f6m\u00fcrl\u00fc olmakta ve daha verimli \u00e7al\u0131\u015fmaktad\u0131r.<\/p>\t\t\t\t\t\t\t\t<\/div>\n\t\t\t\t<\/div>\n\t\t\t\t\t<\/div>\n\t\t<\/div>\n\t\t\t\t\t<\/div>\n\t\t<\/section>\n\t\t\t\t<section class=\"elementor-section elementor-top-section elementor-element elementor-element-9c89127 elementor-section-boxed elementor-section-height-default elementor-section-height-default\" data-id=\"9c89127\" data-element_type=\"section\" data-e-type=\"section\">\n\t\t\t\t\t\t<div class=\"elementor-container elementor-column-gap-default\">\n\t\t\t\t\t<div class=\"elementor-column elementor-col-50 elementor-top-column elementor-element elementor-element-fa32505 ot-flex-column-vertical\" data-id=\"fa32505\" data-element_type=\"column\" data-e-type=\"column\">\n\t\t\t<div class=\"elementor-widget-wrap elementor-element-populated\">\n\t\t\t\t\t\t<div class=\"elementor-element elementor-element-cf073a0 elementor-widget elementor-widget-text-editor\" data-id=\"cf073a0\" data-element_type=\"widget\" data-e-type=\"widget\" data-widget_type=\"text-editor.default\">\n\t\t\t\t<div class=\"elementor-widget-container\">\n\t\t\t\t\t\t\t\t\t<p>Klima ar\u0131zalar\u0131n\u0131n en b\u00fcy\u00fck sebebi klima bak\u0131mlar\u0131n\u0131n zaman\u0131nda yap\u0131lmamas\u0131d\u0131r. Servisimiz taraf\u0131ndan ger\u00e7ekle\u015ftirilen <strong>klima bak\u0131m\u0131<\/strong> esnas\u0131nda klima ve klima sistemlerinin t\u00fcm par\u00e7alar\u0131 incelenir ve gerekirse onar\u0131m i\u015flemi yap\u0131larak daha b\u00fcy\u00fck ar\u0131zalar\u0131n olu\u015fmas\u0131n\u0131n \u00f6n\u00fcne ge\u00e7ilir.<\/p><p>Klimalar\u0131n en y\u00fcksek ve en d\u00fc\u015f\u00fck derecelerde \u00e7al\u0131\u015ft\u0131r\u0131lmas\u0131, klimalar\u0131n a\u015f\u0131r\u0131 zorlanmas\u0131, s\u00fcrekli \u00e7al\u0131\u015ft\u0131r\u0131lmas\u0131 da klima ar\u0131zalar\u0131n\u0131n olu\u015fumuna sebep olmaktad\u0131r. Ancak bunlar\u0131n klimaya zarar vermesinin sebebinde tek ba\u015flar\u0131na etkisi yoktur, klima bak\u0131m\u0131n\u0131n aksat\u0131lmas\u0131 ar\u0131zalar\u0131n en b\u00fcy\u00fck davet\u00e7isidir.<\/p>\t\t\t\t\t\t\t\t<\/div>\n\t\t\t\t<\/div>\n\t\t\t\t\t<\/div>\n\t\t<\/div>\n\t\t\t\t<div class=\"elementor-column elementor-col-50 elementor-top-column elementor-element elementor-element-5313abc ot-flex-column-vertical\" data-id=\"5313abc\" data-element_type=\"column\" data-e-type=\"column\">\n\t\t\t<div class=\"elementor-widget-wrap elementor-element-populated\">\n\t\t\t\t\t\t<div class=\"elementor-element elementor-element-99e5b66 elementor-widget elementor-widget-image\" data-id=\"99e5b66\" data-element_type=\"widget\" data-e-type=\"widget\" data-widget_type=\"image.default\">\n\t\t\t\t<div class=\"elementor-widget-container\">\n\t\t\t\t\t\t\t\t\t\t\t\t\t\t\t<img decoding=\"async\" width=\"1024\" height=\"683\" src=\"https:\/\/hbklima.com\/wp-content\/uploads\/2021\/07\/klima-bakim-servisi-sirketi\u200b-1024x683.jpg\" class=\"attachment-large size-large wp-image-2331\" alt=\"\" srcset=\"https:\/\/hbklima.com\/wp-content\/uploads\/2021\/07\/klima-bakim-servisi-sirketi\u200b-1024x683.jpg 1024w, https:\/\/hbklima.com\/wp-content\/uploads\/2021\/07\/klima-bakim-servisi-sirketi\u200b-300x200.jpg 300w, https:\/\/hbklima.com\/wp-content\/uploads\/2021\/07\/klima-bakim-servisi-sirketi\u200b-768x512.jpg 768w, https:\/\/hbklima.com\/wp-content\/uploads\/2021\/07\/klima-bakim-servisi-sirketi\u200b-600x400.jpg 600w, https:\/\/hbklima.com\/wp-content\/uploads\/2021\/07\/klima-bakim-servisi-sirketi\u200b.jpg 1200w\" sizes=\"(max-width: 1024px) 100vw, 1024px\" \/>\t\t\t\t\t\t\t\t\t\t\t\t\t\t\t<\/div>\n\t\t\t\t<\/div>\n\t\t\t\t\t<\/div>\n\t\t<\/div>\n\t\t\t\t\t<\/div>\n\t\t<\/section>\n\t\t\t\t<section class=\"elementor-section elementor-top-section elementor-element elementor-element-21bcafe elementor-section-boxed elementor-section-height-default elementor-section-height-default\" data-id=\"21bcafe\" data-element_type=\"section\" data-e-type=\"section\">\n\t\t\t\t\t\t<div class=\"elementor-container elementor-column-gap-default\">\n\t\t\t\t\t<div class=\"elementor-column elementor-col-50 elementor-top-column elementor-element elementor-element-daa3bcc ot-flex-column-vertical\" data-id=\"daa3bcc\" data-element_type=\"column\" data-e-type=\"column\">\n\t\t\t<div class=\"elementor-widget-wrap elementor-element-populated\">\n\t\t\t\t\t\t<div class=\"elementor-element elementor-element-e1b3903 elementor-widget elementor-widget-image\" data-id=\"e1b3903\" data-element_type=\"widget\" data-e-type=\"widget\" data-widget_type=\"image.default\">\n\t\t\t\t<div class=\"elementor-widget-container\">\n\t\t\t\t\t\t\t\t\t\t\t\t\t\t\t<img decoding=\"async\" width=\"1024\" height=\"683\" src=\"https:\/\/hbklima.com\/wp-content\/uploads\/2021\/07\/klima-bakim-servisi-firmasi-1024x683.jpg\" class=\"attachment-large size-large wp-image-2333\" alt=\"Klima Bak\u0131m Servisi\u200b Fiyat\" srcset=\"https:\/\/hbklima.com\/wp-content\/uploads\/2021\/07\/klima-bakim-servisi-firmasi-1024x683.jpg 1024w, https:\/\/hbklima.com\/wp-content\/uploads\/2021\/07\/klima-bakim-servisi-firmasi-300x200.jpg 300w, https:\/\/hbklima.com\/wp-content\/uploads\/2021\/07\/klima-bakim-servisi-firmasi-768x512.jpg 768w, https:\/\/hbklima.com\/wp-content\/uploads\/2021\/07\/klima-bakim-servisi-firmasi-600x400.jpg 600w, https:\/\/hbklima.com\/wp-content\/uploads\/2021\/07\/klima-bakim-servisi-firmasi.jpg 1200w\" sizes=\"(max-width: 1024px) 100vw, 1024px\" \/>\t\t\t\t\t\t\t\t\t\t\t\t\t\t\t<\/div>\n\t\t\t\t<\/div>\n\t\t\t\t\t<\/div>\n\t\t<\/div>\n\t\t\t\t<div class=\"elementor-column elementor-col-50 elementor-top-column elementor-element elementor-element-aa56492 ot-flex-column-vertical\" data-id=\"aa56492\" data-element_type=\"column\" data-e-type=\"column\">\n\t\t\t<div class=\"elementor-widget-wrap elementor-element-populated\">\n\t\t\t\t\t\t<div class=\"elementor-element elementor-element-28eb00c elementor-widget elementor-widget-text-editor\" data-id=\"28eb00c\" data-element_type=\"widget\" data-e-type=\"widget\" data-widget_type=\"text-editor.default\">\n\t\t\t\t<div class=\"elementor-widget-container\">\n\t\t\t\t\t\t\t\t\t<p><strong>HBKlima <\/strong>taraf\u0131ndan ger\u00e7ekle\u015ftirilen<strong>\u00a0 klima bak\u0131m\u0131<\/strong> esns\u0131nda \u00f6ncelikle kliman\u0131n i\u00e7 ve d\u0131\u015f \u00fcnitelerindeki elektrik ak\u0131mlar\u0131n\u0131n \u00f6l\u00e7\u00fcm\u00fc yap\u0131lmakta voltaj de\u011ferleri kontrol edilmektedir.\u00a0 Ard\u0131ndan kliman\u0131n i\u00e7 \u00fcniteleri kontrol edilmekte ; kliman\u0131n genel verimlili\u011fini etkileyecek sorunlar incelenmektedir. \u00dcnitelerde bulunan elektronik kartlar kontrol edilir, boru hatt\u0131n\u0131n izolasyon kontrolleri yap\u0131l\u0131r, Ard\u0131ndan Hava filtrelerinin temizli\u011fi yap\u0131l\u0131r. Bu temizlik esna\u0131nda esnas\u0131nda klima ilac\u0131 ve bas\u0131n\u00e7l\u0131 su kullan\u0131lmaktad\u0131r. \u0130\u00e7 \u00fcnite evoparat\u00f6r\u00fc \u00f6zel sol\u00fcsyonlarla dezenfekte edilir, hava ge\u00e7i\u015finin ve \u0131s\u0131 transferinin daha sa\u011fl\u0131kl\u0131 ger\u00e7ekle\u015fmesi ad\u0131na gerekli i\u015flemler yap\u0131l\u0131r. D\u0131\u015f \u00fcnitenin \u0131s\u0131 transferini daha verimli yapmas\u0131 i\u00e7in kondenser temizli\u011fi yap\u0131l\u0131r. Klimadaki gaz seviyesi \u00f6l\u00e7\u00fcmlenir, gerekti\u011fi takdirde ilave yap\u0131l\u0131r.<\/p><p>Ayr\u0131ca klimalar\u0131n hava filtreleri zaman i\u00e7inde ortamdaki tozlar nedeniyle t\u0131kan\u0131r. T\u0131kanan filtreler kliman\u0131n yeterli \u00fcfleme yapmas\u0131n\u0131 engeller. Bu da ayn\u0131 \u015fekilde yeterli \u0131s\u0131tma ve so\u011futma yapmas\u0131na engel olur.<\/p>\t\t\t\t\t\t\t\t<\/div>\n\t\t\t\t<\/div>\n\t\t\t\t\t<\/div>\n\t\t<\/div>\n\t\t\t\t\t<\/div>\n\t\t<\/section>\n\t\t\t\t<\/div>\n\t\t","protected":false},"excerpt":{"rendered":"<p>Klima Bak\u0131m Servisi Klimalar \u00e7e\u015fitli gazlar yard\u0131m\u0131yla havay\u0131 \u0131s\u0131tan veya so\u011futan iklimlendirme cihazlard\u0131r. Kulland\u0131klar\u0131 gaz miktar\u0131 azald\u0131k\u00e7a \u0131s\u0131tma ve so\u011futma kapasiteleri azalmakta, Daha \u00e7ok \u00e7al\u0131\u015f\u0131p daha az so\u011futmakta ve hem yeterli konfor sa\u011flayamazken hem de fazla elektrik t\u00fcketirler. Ayr\u0131ca klimalar\u0131n hava filtreleri zaman i\u00e7inde ortamdaki tozlar nedeniyle t\u0131kan\u0131r. T\u0131kanan filtreler kliman\u0131n yeterli \u00fcfleme yapmas\u0131n\u0131 engeller. [&hellip;]<\/p>\n","protected":false},"author":1,"featured_media":0,"parent":0,"menu_order":0,"comment_status":"closed","ping_status":"closed","template":"","meta":{"footnotes":""},"class_list":["post-2179","page","type-page","status-publish","hentry"],"yoast_head":"<!-- This site is optimized with the Yoast SEO plugin v27.4 - https:\/\/yoast.com\/product\/yoast-seo-wordpress\/ -->\n<title>Klima Bak\u0131m Hizmeti- Klima Teknik Servisi - \u0130klimlendirme Hizmetleri<\/title>\n<meta name=\"description\" content=\"HBKlima taraf\u0131ndan ger\u00e7ekle\u015ftirilen klima bak\u0131m esnas\u0131nda \u00f6ncelikle kliman\u0131n i\u00e7 ve d\u0131\u015f \u00fcnitelerindeki elektrik ak\u0131mlar\u0131n\u0131n \u00f6l\u00e7\u00fcm\u00fc\" \/>\n<meta name=\"robots\" content=\"index, follow, max-snippet:-1, max-image-preview:large, max-video-preview:-1\" \/>\n<link rel=\"canonical\" href=\"https:\/\/hbklima.com\/index.php\/klima-bakimi\/\" \/>\n<meta property=\"og:locale\" content=\"tr_TR\" \/>\n<meta property=\"og:type\" content=\"article\" \/>\n<meta property=\"og:title\" content=\"Klima Bak\u0131m Hizmeti- Klima Teknik Servisi - \u0130klimlendirme Hizmetleri\" \/>\n<meta property=\"og:description\" content=\"HBKlima taraf\u0131ndan ger\u00e7ekle\u015ftirilen klima bak\u0131m esnas\u0131nda \u00f6ncelikle kliman\u0131n i\u00e7 ve d\u0131\u015f \u00fcnitelerindeki elektrik ak\u0131mlar\u0131n\u0131n \u00f6l\u00e7\u00fcm\u00fc\" \/>\n<meta property=\"og:url\" content=\"https:\/\/hbklima.com\/index.php\/klima-bakimi\/\" \/>\n<meta property=\"og:site_name\" content=\"HB Klima Servisi\" \/>\n<meta property=\"article:modified_time\" content=\"2021-07-10T12:33:02+00:00\" \/>\n<meta property=\"og:image\" content=\"https:\/\/hbklima.com\/wp-content\/uploads\/2021\/07\/klima-bakim-servisi\u200b-1024x683.jpg\" \/>\n<meta name=\"twitter:card\" content=\"summary_large_image\" \/>\n<meta name=\"twitter:label1\" content=\"Tahmini okuma s\u00fcresi\" \/>\n\t<meta name=\"twitter:data1\" content=\"2 dakika\" \/>\n<script type=\"application\/ld+json\" class=\"yoast-schema-graph\">{\"@context\":\"https:\\\/\\\/schema.org\",\"@graph\":[{\"@type\":\"WebPage\",\"@id\":\"https:\\\/\\\/hbklima.com\\\/index.php\\\/klima-bakimi\\\/\",\"url\":\"https:\\\/\\\/hbklima.com\\\/index.php\\\/klima-bakimi\\\/\",\"name\":\"Klima Bak\u0131m Hizmeti- Klima Teknik Servisi - \u0130klimlendirme Hizmetleri\",\"isPartOf\":{\"@id\":\"https:\\\/\\\/hbklima.com\\\/#website\"},\"primaryImageOfPage\":{\"@id\":\"https:\\\/\\\/hbklima.com\\\/index.php\\\/klima-bakimi\\\/#primaryimage\"},\"image\":{\"@id\":\"https:\\\/\\\/hbklima.com\\\/index.php\\\/klima-bakimi\\\/#primaryimage\"},\"thumbnailUrl\":\"https:\\\/\\\/hbklima.com\\\/wp-content\\\/uploads\\\/2021\\\/07\\\/klima-bakim-servisi-firmasi-1024x683.jpg\",\"datePublished\":\"2021-07-06T08:00:45+00:00\",\"dateModified\":\"2021-07-10T12:33:02+00:00\",\"description\":\"HBKlima taraf\u0131ndan ger\u00e7ekle\u015ftirilen klima bak\u0131m esnas\u0131nda \u00f6ncelikle kliman\u0131n i\u00e7 ve d\u0131\u015f \u00fcnitelerindeki elektrik ak\u0131mlar\u0131n\u0131n \u00f6l\u00e7\u00fcm\u00fc\",\"breadcrumb\":{\"@id\":\"https:\\\/\\\/hbklima.com\\\/index.php\\\/klima-bakimi\\\/#breadcrumb\"},\"inLanguage\":\"tr\",\"potentialAction\":[{\"@type\":\"ReadAction\",\"target\":[\"https:\\\/\\\/hbklima.com\\\/index.php\\\/klima-bakimi\\\/\"]}]},{\"@type\":\"ImageObject\",\"inLanguage\":\"tr\",\"@id\":\"https:\\\/\\\/hbklima.com\\\/index.php\\\/klima-bakimi\\\/#primaryimage\",\"url\":\"https:\\\/\\\/hbklima.com\\\/wp-content\\\/uploads\\\/2021\\\/07\\\/klima-bakim-servisi-firmasi.jpg\",\"contentUrl\":\"https:\\\/\\\/hbklima.com\\\/wp-content\\\/uploads\\\/2021\\\/07\\\/klima-bakim-servisi-firmasi.jpg\",\"width\":1200,\"height\":800,\"caption\":\"Klima Bak\u0131m Servisi\u200b Fiyat\"},{\"@type\":\"BreadcrumbList\",\"@id\":\"https:\\\/\\\/hbklima.com\\\/index.php\\\/klima-bakimi\\\/#breadcrumb\",\"itemListElement\":[{\"@type\":\"ListItem\",\"position\":1,\"name\":\"Anasayfa\",\"item\":\"https:\\\/\\\/hbklima.com\\\/\"},{\"@type\":\"ListItem\",\"position\":2,\"name\":\"Klima Bak\u0131m\"}]},{\"@type\":\"WebSite\",\"@id\":\"https:\\\/\\\/hbklima.com\\\/#website\",\"url\":\"https:\\\/\\\/hbklima.com\\\/\",\"name\":\"HB Klima Servisi\",\"description\":\"Klima Servisi\",\"potentialAction\":[{\"@type\":\"SearchAction\",\"target\":{\"@type\":\"EntryPoint\",\"urlTemplate\":\"https:\\\/\\\/hbklima.com\\\/?s={search_term_string}\"},\"query-input\":{\"@type\":\"PropertyValueSpecification\",\"valueRequired\":true,\"valueName\":\"search_term_string\"}}],\"inLanguage\":\"tr\"}]}<\/script>\n<!-- \/ Yoast SEO plugin. -->","yoast_head_json":{"title":"Klima Bak\u0131m Hizmeti- Klima Teknik Servisi - \u0130klimlendirme Hizmetleri","description":"HBKlima taraf\u0131ndan ger\u00e7ekle\u015ftirilen klima bak\u0131m esnas\u0131nda \u00f6ncelikle kliman\u0131n i\u00e7 ve d\u0131\u015f \u00fcnitelerindeki elektrik ak\u0131mlar\u0131n\u0131n \u00f6l\u00e7\u00fcm\u00fc","robots":{"index":"index","follow":"follow","max-snippet":"max-snippet:-1","max-image-preview":"max-image-preview:large","max-video-preview":"max-video-preview:-1"},"canonical":"https:\/\/hbklima.com\/index.php\/klima-bakimi\/","og_locale":"tr_TR","og_type":"article","og_title":"Klima Bak\u0131m Hizmeti- Klima Teknik Servisi - \u0130klimlendirme Hizmetleri","og_description":"HBKlima taraf\u0131ndan ger\u00e7ekle\u015ftirilen klima bak\u0131m esnas\u0131nda \u00f6ncelikle kliman\u0131n i\u00e7 ve d\u0131\u015f \u00fcnitelerindeki elektrik ak\u0131mlar\u0131n\u0131n \u00f6l\u00e7\u00fcm\u00fc","og_url":"https:\/\/hbklima.com\/index.php\/klima-bakimi\/","og_site_name":"HB Klima Servisi","article_modified_time":"2021-07-10T12:33:02+00:00","og_image":[{"url":"https:\/\/hbklima.com\/wp-content\/uploads\/2021\/07\/klima-bakim-servisi\u200b-1024x683.jpg","type":"","width":"","height":""}],"twitter_card":"summary_large_image","twitter_misc":{"Tahmini okuma s\u00fcresi":"2 dakika"},"schema":{"@context":"https:\/\/schema.org","@graph":[{"@type":"WebPage","@id":"https:\/\/hbklima.com\/index.php\/klima-bakimi\/","url":"https:\/\/hbklima.com\/index.php\/klima-bakimi\/","name":"Klima Bak\u0131m Hizmeti- Klima Teknik Servisi - \u0130klimlendirme Hizmetleri","isPartOf":{"@id":"https:\/\/hbklima.com\/#website"},"primaryImageOfPage":{"@id":"https:\/\/hbklima.com\/index.php\/klima-bakimi\/#primaryimage"},"image":{"@id":"https:\/\/hbklima.com\/index.php\/klima-bakimi\/#primaryimage"},"thumbnailUrl":"https:\/\/hbklima.com\/wp-content\/uploads\/2021\/07\/klima-bakim-servisi-firmasi-1024x683.jpg","datePublished":"2021-07-06T08:00:45+00:00","dateModified":"2021-07-10T12:33:02+00:00","description":"HBKlima taraf\u0131ndan ger\u00e7ekle\u015ftirilen klima bak\u0131m esnas\u0131nda \u00f6ncelikle kliman\u0131n i\u00e7 ve d\u0131\u015f \u00fcnitelerindeki elektrik ak\u0131mlar\u0131n\u0131n \u00f6l\u00e7\u00fcm\u00fc","breadcrumb":{"@id":"https:\/\/hbklima.com\/index.php\/klima-bakimi\/#breadcrumb"},"inLanguage":"tr","potentialAction":[{"@type":"ReadAction","target":["https:\/\/hbklima.com\/index.php\/klima-bakimi\/"]}]},{"@type":"ImageObject","inLanguage":"tr","@id":"https:\/\/hbklima.com\/index.php\/klima-bakimi\/#primaryimage","url":"https:\/\/hbklima.com\/wp-content\/uploads\/2021\/07\/klima-bakim-servisi-firmasi.jpg","contentUrl":"https:\/\/hbklima.com\/wp-content\/uploads\/2021\/07\/klima-bakim-servisi-firmasi.jpg","width":1200,"height":800,"caption":"Klima Bak\u0131m Servisi\u200b Fiyat"},{"@type":"BreadcrumbList","@id":"https:\/\/hbklima.com\/index.php\/klima-bakimi\/#breadcrumb","itemListElement":[{"@type":"ListItem","position":1,"name":"Anasayfa","item":"https:\/\/hbklima.com\/"},{"@type":"ListItem","position":2,"name":"Klima Bak\u0131m"}]},{"@type":"WebSite","@id":"https:\/\/hbklima.com\/#website","url":"https:\/\/hbklima.com\/","name":"HB Klima Servisi","description":"Klima Servisi","potentialAction":[{"@type":"SearchAction","target":{"@type":"EntryPoint","urlTemplate":"https:\/\/hbklima.com\/?s={search_term_string}"},"query-input":{"@type":"PropertyValueSpecification","valueRequired":true,"valueName":"search_term_string"}}],"inLanguage":"tr"}]}},"_links":{"self":[{"href":"https:\/\/hbklima.com\/index.php\/wp-json\/wp\/v2\/pages\/2179","targetHints":{"allow":["GET"]}}],"collection":[{"href":"https:\/\/hbklima.com\/index.php\/wp-json\/wp\/v2\/pages"}],"about":[{"href":"https:\/\/hbklima.com\/index.php\/wp-json\/wp\/v2\/types\/page"}],"author":[{"embeddable":true,"href":"https:\/\/hbklima.com\/index.php\/wp-json\/wp\/v2\/users\/1"}],"replies":[{"embeddable":true,"href":"https:\/\/hbklima.com\/index.php\/wp-json\/wp\/v2\/comments?post=2179"}],"version-history":[{"count":15,"href":"https:\/\/hbklima.com\/index.php\/wp-json\/wp\/v2\/pages\/2179\/revisions"}],"predecessor-version":[{"id":2336,"href":"https:\/\/hbklima.com\/index.php\/wp-json\/wp\/v2\/pages\/2179\/revisions\/2336"}],"wp:attachment":[{"href":"https:\/\/hbklima.com\/index.php\/wp-json\/wp\/v2\/media?parent=2179"}],"curies":[{"name":"wp","href":"https:\/\/api.w.org\/{rel}","templated":true}]}}