{"id":1002,"date":"2020-09-22T02:55:25","date_gmt":"2020-09-22T02:55:25","guid":{"rendered":"http:\/\/wpdemo.archiwp.com\/maxbizz\/?page_id=1002"},"modified":"2023-08-11T17:47:04","modified_gmt":"2023-08-11T14:47:04","slug":"kanalli-klima-sistemleri","status":"publish","type":"page","link":"https:\/\/hbklima.com\/index.php\/hb-klima-hizmetleri\/kanalli-klima-sistemleri\/","title":{"rendered":"Kanall\u0131 Klima Sistemleri"},"content":{"rendered":"\t\t<div data-elementor-type=\"wp-page\" data-elementor-id=\"1002\" class=\"elementor elementor-1002\">\n\t\t\t\t\t\t<section class=\"elementor-section elementor-top-section elementor-element elementor-element-2784cf1 elementor-reverse-tablet elementor-reverse-mobile elementor-section-boxed elementor-section-height-default elementor-section-height-default\" data-id=\"2784cf1\" data-element_type=\"section\" data-e-type=\"section\">\n\t\t\t\t\t\t<div class=\"elementor-container elementor-column-gap-extended\">\n\t\t\t\t\t<div class=\"elementor-column elementor-col-100 elementor-top-column elementor-element elementor-element-918b0c4 ot-flex-column-vertical\" data-id=\"918b0c4\" data-element_type=\"column\" data-e-type=\"column\">\n\t\t\t<div class=\"elementor-widget-wrap elementor-element-populated\">\n\t\t\t\t\t\t<div class=\"elementor-element elementor-element-3b506ed elementor-widget elementor-widget-heading\" data-id=\"3b506ed\" data-element_type=\"widget\" data-e-type=\"widget\" data-widget_type=\"heading.default\">\n\t\t\t\t<div class=\"elementor-widget-container\">\n\t\t\t\t\t<h3 class=\"elementor-heading-title elementor-size-default\">Kanall\u0131 Klima Sistemleri<\/h3>\t\t\t\t<\/div>\n\t\t\t\t<\/div>\n\t\t\t\t<div class=\"elementor-element elementor-element-c5a0c49 elementor-widget elementor-widget-image\" data-id=\"c5a0c49\" data-element_type=\"widget\" data-e-type=\"widget\" data-widget_type=\"image.default\">\n\t\t\t\t<div class=\"elementor-widget-container\">\n\t\t\t\t\t\t\t\t\t\t\t\t\t\t\t<img fetchpriority=\"high\" decoding=\"async\" width=\"1200\" height=\"600\" src=\"https:\/\/hbklima.com\/wp-content\/uploads\/2021\/07\/kanalli-klima-sistemleri-montaji-arizasi-bakimi-servisi-firmasi-sirketi.jpg\" class=\"attachment-full size-full wp-image-2294\" alt=\"Havaland\u0131rma Klima Sistemleri\" srcset=\"https:\/\/hbklima.com\/wp-content\/uploads\/2021\/07\/kanalli-klima-sistemleri-montaji-arizasi-bakimi-servisi-firmasi-sirketi.jpg 1200w, https:\/\/hbklima.com\/wp-content\/uploads\/2021\/07\/kanalli-klima-sistemleri-montaji-arizasi-bakimi-servisi-firmasi-sirketi-300x150.jpg 300w, https:\/\/hbklima.com\/wp-content\/uploads\/2021\/07\/kanalli-klima-sistemleri-montaji-arizasi-bakimi-servisi-firmasi-sirketi-1024x512.jpg 1024w, https:\/\/hbklima.com\/wp-content\/uploads\/2021\/07\/kanalli-klima-sistemleri-montaji-arizasi-bakimi-servisi-firmasi-sirketi-768x384.jpg 768w\" sizes=\"(max-width: 1200px) 100vw, 1200px\" \/>\t\t\t\t\t\t\t\t\t\t\t\t\t\t\t<\/div>\n\t\t\t\t<\/div>\n\t\t\t\t<div class=\"elementor-element elementor-element-18e0dfc elementor-widget elementor-widget-text-editor\" data-id=\"18e0dfc\" data-element_type=\"widget\" data-e-type=\"widget\" data-widget_type=\"text-editor.default\">\n\t\t\t\t<div class=\"elementor-widget-container\">\n\t\t\t\t\t\t\t\t\t<p><span data-contrast=\"auto\"><b>Kanall\u0131 klima sistemleri,<\/b> kanal ve menfezler yard\u0131m\u0131 ile hava da\u011f\u0131l\u0131m\u0131 sa\u011flayan klimalara verilen isimdir. Merkezi \u0131s\u0131tma ve so\u011futma sistemi kategorisi i\u00e7inde yer al\u0131r ve i\u00e7 \u00fcniteleri tavan aras\u0131 bo\u015flu\u011funa gizlenerek monte edilmekte olup bu sayede&nbsp;Mekan&nbsp;dekorasyonu a\u00e7\u0131s\u0131ndan \u015f\u0131k bir g\u00f6r\u00fcnt\u00fc&nbsp;sa\u011flamaktad\u0131r. Mekandaki&nbsp;dekorasyonu bozmamas\u0131, her t\u00fcrl\u00fc b\u00f6lmenin ard\u0131na gizlenebilmesi a\u00e7\u0131s\u0131ndan&nbsp;opsiyonel&nbsp;montaj \u00f6zellikleri sunan kanall\u0131 tip klimalar, ayn\u0131 zamanda varl\u0131\u011f\u0131n\u0131 hissettirmeden \u00e7al\u0131\u015fmas\u0131 nedeniyle de tercih edilmektedir.<\/span><span data-ccp-props=\"{&quot;201341983&quot;:0,&quot;335559739&quot;:160,&quot;335559740&quot;:259}\">&nbsp;<\/span><\/p>\n<p><span data-contrast=\"auto\">Kusursuz hava ak\u0131m\u0131, sessiz \u00e7al\u0131\u015fma \u00f6zelli\u011fi, y\u00fcksek bas\u0131n\u00e7 uyumlulu\u011fu, ince ve kompakt tasar\u0131m\u0131yla mekanlar\u0131n\u0131za dost kaliteli hava ak\u0131m\u0131 sa\u011flanmaktad\u0131r. A s\u0131n\u0131f\u0131 teknolojisiyle az enerji harcayarak maksimum verim sa\u011flayan 4 mevsim istedi\u011finiz iklimi evinizde yaratman\u0131z\u0131&nbsp;sa\u011fl\u0131yor.<b>Kanall\u0131 klima sistemleri<\/b> evlerde, i\u015f yerlerinde, ma\u011fazalarda, al\u0131\u015fveri\u015f merkezlerinde, okullarda, sinemalarda, otellerde ve iklimlendirme istenen her yerde rahatl\u0131kla kullan\u0131labilir,&nbsp;tavan aras\u0131, asma tavan, mutfak ve gard\u0131rop gibi b\u00f6lmelere rahatl\u0131kla gizlenebilmektedir.<\/span><span data-ccp-props=\"{&quot;201341983&quot;:0,&quot;335559739&quot;:160,&quot;335559740&quot;:259}\">&nbsp;<\/span><\/p>\n<p><span data-contrast=\"auto\">K<b>anall\u0131 klima sistemleri<\/b>; Kusursuz hava ak\u0131m\u0131 ile y\u00fcksek verimlilik sa\u011flamakta olup,&nbsp;ayr\u0131ca sessiz&nbsp;i\u00e7 \u00fcnitesi sayesinde kullan\u0131lan ortamda g\u00fcr\u00fclt\u00fc kirlili\u011fi&nbsp;olu\u015fturmaz.Ayn\u0131&nbsp;hava ak\u0131\u015f hacmini koruyarak alana homojen hava da\u011f\u0131t\u0131m\u0131 yapmakta&nbsp;olup,Dar&nbsp;tavan bo\u015fluklar\u0131nda kurulumu kolayla\u015ft\u0131rmakla kalmaz, ayn\u0131 zamanda kontrol kutusu ana g\u00f6vdenin i\u00e7ine yerle\u015ftirildi\u011finden alandan tasarruf sa\u011flar.<\/span><span data-ccp-props=\"{&quot;201341983&quot;:0,&quot;335559739&quot;:160,&quot;335559740&quot;:259}\">&nbsp;<\/span><\/p>\n<p><span data-contrast=\"auto\">K<b>anall\u0131 klima sistemleri<\/b>, Bak\u0131m\u0131 ve temizli\u011fi olduk\u00e7a kolayd\u0131r, bu sayede s\u0131k\u00e7a kullan\u0131lan klima sistemleri aras\u0131na&nbsp;girmi\u015ftir.<b>Kanall\u0131&nbsp;tipi split&nbsp;kliman\u0131z\u0131n<\/b> i\u00e7 \u00fcnitesi kullanaca\u011f\u0131n\u0131z&nbsp;mek\u00e2n\u0131n&nbsp;tavan\u0131na,ve&nbsp;d\u0131\u015f \u00fcnitesi ise bu mek\u00e2n\u0131n d\u0131\u015f\u0131nda kalan ve atmosfere a\u00e7\u0131k olan bir alana monte edilir. Teras, a\u00e7\u0131k balkon veya pencere altlar\u0131 d\u0131\u015f \u00fcnite montaj\u0131 i\u00e7in uygun alanlard\u0131r.<\/span><span data-ccp-props=\"{&quot;201341983&quot;:0,&quot;335559739&quot;:160,&quot;335559740&quot;:259}\">&nbsp;<\/span><\/p>\n<p><span data-contrast=\"auto\">\u0130\u00e7 ve d\u0131\u015f \u00fcnite; bak\u0131r boru, elektrik kablosu, drenaj hortumu, izolasyon ve dekoratif bandajdan olu\u015fan ara tesisat ile birbirine ba\u011flan\u0131r.<\/span><span data-ccp-props=\"{&quot;201341983&quot;:0,&quot;335559739&quot;:160,&quot;335559740&quot;:259}\">&nbsp;<\/span><\/p>\n<p><span data-contrast=\"auto\">Bu ba\u011flant\u0131 esnas\u0131nda duvar\u0131n\u0131zda a\u00e7\u0131lan 10 cm \u00e7ap\u0131ndaki dairesel ara tesisat yuvas\u0131 montaj bitiminde izolasyon malzemeleri ile tamamen kapat\u0131l\u0131r. Y\u00fcksek seviyede teknik bilgi ve tecr\u00fcbe gerektiren <b>kanall\u0131 tip&nbsp;split&nbsp;kliman\u0131z\u0131n<\/b> montaj\u0131, mutlaka klima teknik servisiniz taraf\u0131ndan yap\u0131lmal\u0131d\u0131r.<\/span><span data-ccp-props=\"{&quot;201341983&quot;:0,&quot;335559739&quot;:160,&quot;335559740&quot;:259}\">&nbsp;<\/span><\/p>\t\t\t\t\t\t\t\t<\/div>\n\t\t\t\t<\/div>\n\t\t\t\t\t<\/div>\n\t\t<\/div>\n\t\t\t\t\t<\/div>\n\t\t<\/section>\n\t\t\t\t<\/div>\n\t\t","protected":false},"excerpt":{"rendered":"<p>Kanall\u0131 Klima Sistemleri Kanall\u0131 klima sistemleri, kanal ve menfezler yard\u0131m\u0131 ile hava da\u011f\u0131l\u0131m\u0131 sa\u011flayan klimalara verilen isimdir. Merkezi \u0131s\u0131tma ve so\u011futma sistemi kategorisi i\u00e7inde yer al\u0131r ve i\u00e7 \u00fcniteleri tavan aras\u0131 bo\u015flu\u011funa gizlenerek monte edilmekte olup bu sayede&nbsp;Mekan&nbsp;dekorasyonu a\u00e7\u0131s\u0131ndan \u015f\u0131k bir g\u00f6r\u00fcnt\u00fc&nbsp;sa\u011flamaktad\u0131r. Mekandaki&nbsp;dekorasyonu bozmamas\u0131, her t\u00fcrl\u00fc b\u00f6lmenin ard\u0131na gizlenebilmesi a\u00e7\u0131s\u0131ndan&nbsp;opsiyonel&nbsp;montaj \u00f6zellikleri sunan kanall\u0131 tip klimalar, [&hellip;]<\/p>\n","protected":false},"author":1,"featured_media":2557,"parent":868,"menu_order":0,"comment_status":"closed","ping_status":"closed","template":"","meta":{"footnotes":""},"class_list":["post-1002","page","type-page","status-publish","has-post-thumbnail","hentry"],"yoast_head":"<!-- This site is optimized with the Yoast SEO plugin v27.4 - https:\/\/yoast.com\/product\/yoast-seo-wordpress\/ -->\n<title>Kanall\u0131 Klima Sistemleri | HB Klima Servisi<\/title>\n<meta name=\"description\" content=\"Kanall\u0131 klima sistemleri, kanal ve menfezler yard\u0131m\u0131 ile hava da\u011f\u0131l\u0131m\u0131 sa\u011flayan klimalara verilen isimdir.\" \/>\n<meta name=\"robots\" content=\"index, follow, max-snippet:-1, max-image-preview:large, max-video-preview:-1\" \/>\n<link rel=\"canonical\" href=\"https:\/\/hbklima.com\/index.php\/hb-klima-hizmetleri\/kanalli-klima-sistemleri\/\" \/>\n<meta property=\"og:locale\" content=\"tr_TR\" \/>\n<meta property=\"og:type\" content=\"article\" \/>\n<meta property=\"og:title\" content=\"Kanall\u0131 Klima Sistemleri | HB Klima Servisi\" \/>\n<meta property=\"og:description\" content=\"Kanall\u0131 klima sistemleri, kanal ve menfezler yard\u0131m\u0131 ile hava da\u011f\u0131l\u0131m\u0131 sa\u011flayan klimalara verilen isimdir.\" \/>\n<meta property=\"og:url\" content=\"https:\/\/hbklima.com\/index.php\/hb-klima-hizmetleri\/kanalli-klima-sistemleri\/\" \/>\n<meta property=\"og:site_name\" content=\"HB Klima Servisi\" \/>\n<meta property=\"article:modified_time\" content=\"2023-08-11T14:47:04+00:00\" \/>\n<meta property=\"og:image\" content=\"https:\/\/hbklima.com\/wp-content\/uploads\/2021\/09\/gree-kanal-tipi-klima-ic-unite.webp\" \/>\n\t<meta property=\"og:image:width\" content=\"600\" \/>\n\t<meta property=\"og:image:height\" content=\"450\" \/>\n\t<meta property=\"og:image:type\" content=\"image\/webp\" \/>\n<meta name=\"twitter:card\" content=\"summary_large_image\" \/>\n<meta name=\"twitter:label1\" content=\"Tahmini okuma s\u00fcresi\" \/>\n\t<meta name=\"twitter:data1\" content=\"2 dakika\" \/>\n<script type=\"application\/ld+json\" class=\"yoast-schema-graph\">{\"@context\":\"https:\\\/\\\/schema.org\",\"@graph\":[{\"@type\":\"WebPage\",\"@id\":\"https:\\\/\\\/hbklima.com\\\/index.php\\\/hb-klima-hizmetleri\\\/kanalli-klima-sistemleri\\\/\",\"url\":\"https:\\\/\\\/hbklima.com\\\/index.php\\\/hb-klima-hizmetleri\\\/kanalli-klima-sistemleri\\\/\",\"name\":\"Kanall\u0131 Klima Sistemleri | HB Klima Servisi\",\"isPartOf\":{\"@id\":\"https:\\\/\\\/hbklima.com\\\/#website\"},\"primaryImageOfPage\":{\"@id\":\"https:\\\/\\\/hbklima.com\\\/index.php\\\/hb-klima-hizmetleri\\\/kanalli-klima-sistemleri\\\/#primaryimage\"},\"image\":{\"@id\":\"https:\\\/\\\/hbklima.com\\\/index.php\\\/hb-klima-hizmetleri\\\/kanalli-klima-sistemleri\\\/#primaryimage\"},\"thumbnailUrl\":\"https:\\\/\\\/hbklima.com\\\/wp-content\\\/uploads\\\/2021\\\/09\\\/gree-kanal-tipi-klima-ic-unite.webp\",\"datePublished\":\"2020-09-22T02:55:25+00:00\",\"dateModified\":\"2023-08-11T14:47:04+00:00\",\"description\":\"Kanall\u0131 klima sistemleri, kanal ve menfezler yard\u0131m\u0131 ile hava da\u011f\u0131l\u0131m\u0131 sa\u011flayan klimalara verilen isimdir.\",\"breadcrumb\":{\"@id\":\"https:\\\/\\\/hbklima.com\\\/index.php\\\/hb-klima-hizmetleri\\\/kanalli-klima-sistemleri\\\/#breadcrumb\"},\"inLanguage\":\"tr\",\"potentialAction\":[{\"@type\":\"ReadAction\",\"target\":[\"https:\\\/\\\/hbklima.com\\\/index.php\\\/hb-klima-hizmetleri\\\/kanalli-klima-sistemleri\\\/\"]}]},{\"@type\":\"ImageObject\",\"inLanguage\":\"tr\",\"@id\":\"https:\\\/\\\/hbklima.com\\\/index.php\\\/hb-klima-hizmetleri\\\/kanalli-klima-sistemleri\\\/#primaryimage\",\"url\":\"https:\\\/\\\/hbklima.com\\\/wp-content\\\/uploads\\\/2021\\\/09\\\/gree-kanal-tipi-klima-ic-unite.webp\",\"contentUrl\":\"https:\\\/\\\/hbklima.com\\\/wp-content\\\/uploads\\\/2021\\\/09\\\/gree-kanal-tipi-klima-ic-unite.webp\",\"width\":600,\"height\":450,\"caption\":\"Kanall\u0131 Klima Sistemleri\"},{\"@type\":\"BreadcrumbList\",\"@id\":\"https:\\\/\\\/hbklima.com\\\/index.php\\\/hb-klima-hizmetleri\\\/kanalli-klima-sistemleri\\\/#breadcrumb\",\"itemListElement\":[{\"@type\":\"ListItem\",\"position\":1,\"name\":\"Anasayfa\",\"item\":\"https:\\\/\\\/hbklima.com\\\/\"},{\"@type\":\"ListItem\",\"position\":2,\"name\":\"HB Klima Hizmetleri\",\"item\":\"https:\\\/\\\/hbklima.com\\\/index.php\\\/hb-klima-hizmetleri\\\/\"},{\"@type\":\"ListItem\",\"position\":3,\"name\":\"Kanall\u0131 Klima Sistemleri\"}]},{\"@type\":\"WebSite\",\"@id\":\"https:\\\/\\\/hbklima.com\\\/#website\",\"url\":\"https:\\\/\\\/hbklima.com\\\/\",\"name\":\"HB Klima Servisi\",\"description\":\"Klima Servisi\",\"potentialAction\":[{\"@type\":\"SearchAction\",\"target\":{\"@type\":\"EntryPoint\",\"urlTemplate\":\"https:\\\/\\\/hbklima.com\\\/?s={search_term_string}\"},\"query-input\":{\"@type\":\"PropertyValueSpecification\",\"valueRequired\":true,\"valueName\":\"search_term_string\"}}],\"inLanguage\":\"tr\"}]}<\/script>\n<!-- \/ Yoast SEO plugin. -->","yoast_head_json":{"title":"Kanall\u0131 Klima Sistemleri | HB Klima Servisi","description":"Kanall\u0131 klima sistemleri, kanal ve menfezler yard\u0131m\u0131 ile hava da\u011f\u0131l\u0131m\u0131 sa\u011flayan klimalara verilen isimdir.","robots":{"index":"index","follow":"follow","max-snippet":"max-snippet:-1","max-image-preview":"max-image-preview:large","max-video-preview":"max-video-preview:-1"},"canonical":"https:\/\/hbklima.com\/index.php\/hb-klima-hizmetleri\/kanalli-klima-sistemleri\/","og_locale":"tr_TR","og_type":"article","og_title":"Kanall\u0131 Klima Sistemleri | HB Klima Servisi","og_description":"Kanall\u0131 klima sistemleri, kanal ve menfezler yard\u0131m\u0131 ile hava da\u011f\u0131l\u0131m\u0131 sa\u011flayan klimalara verilen isimdir.","og_url":"https:\/\/hbklima.com\/index.php\/hb-klima-hizmetleri\/kanalli-klima-sistemleri\/","og_site_name":"HB Klima Servisi","article_modified_time":"2023-08-11T14:47:04+00:00","og_image":[{"width":600,"height":450,"url":"https:\/\/hbklima.com\/wp-content\/uploads\/2021\/09\/gree-kanal-tipi-klima-ic-unite.webp","type":"image\/webp"}],"twitter_card":"summary_large_image","twitter_misc":{"Tahmini okuma s\u00fcresi":"2 dakika"},"schema":{"@context":"https:\/\/schema.org","@graph":[{"@type":"WebPage","@id":"https:\/\/hbklima.com\/index.php\/hb-klima-hizmetleri\/kanalli-klima-sistemleri\/","url":"https:\/\/hbklima.com\/index.php\/hb-klima-hizmetleri\/kanalli-klima-sistemleri\/","name":"Kanall\u0131 Klima Sistemleri | HB Klima Servisi","isPartOf":{"@id":"https:\/\/hbklima.com\/#website"},"primaryImageOfPage":{"@id":"https:\/\/hbklima.com\/index.php\/hb-klima-hizmetleri\/kanalli-klima-sistemleri\/#primaryimage"},"image":{"@id":"https:\/\/hbklima.com\/index.php\/hb-klima-hizmetleri\/kanalli-klima-sistemleri\/#primaryimage"},"thumbnailUrl":"https:\/\/hbklima.com\/wp-content\/uploads\/2021\/09\/gree-kanal-tipi-klima-ic-unite.webp","datePublished":"2020-09-22T02:55:25+00:00","dateModified":"2023-08-11T14:47:04+00:00","description":"Kanall\u0131 klima sistemleri, kanal ve menfezler yard\u0131m\u0131 ile hava da\u011f\u0131l\u0131m\u0131 sa\u011flayan klimalara verilen isimdir.","breadcrumb":{"@id":"https:\/\/hbklima.com\/index.php\/hb-klima-hizmetleri\/kanalli-klima-sistemleri\/#breadcrumb"},"inLanguage":"tr","potentialAction":[{"@type":"ReadAction","target":["https:\/\/hbklima.com\/index.php\/hb-klima-hizmetleri\/kanalli-klima-sistemleri\/"]}]},{"@type":"ImageObject","inLanguage":"tr","@id":"https:\/\/hbklima.com\/index.php\/hb-klima-hizmetleri\/kanalli-klima-sistemleri\/#primaryimage","url":"https:\/\/hbklima.com\/wp-content\/uploads\/2021\/09\/gree-kanal-tipi-klima-ic-unite.webp","contentUrl":"https:\/\/hbklima.com\/wp-content\/uploads\/2021\/09\/gree-kanal-tipi-klima-ic-unite.webp","width":600,"height":450,"caption":"Kanall\u0131 Klima Sistemleri"},{"@type":"BreadcrumbList","@id":"https:\/\/hbklima.com\/index.php\/hb-klima-hizmetleri\/kanalli-klima-sistemleri\/#breadcrumb","itemListElement":[{"@type":"ListItem","position":1,"name":"Anasayfa","item":"https:\/\/hbklima.com\/"},{"@type":"ListItem","position":2,"name":"HB Klima Hizmetleri","item":"https:\/\/hbklima.com\/index.php\/hb-klima-hizmetleri\/"},{"@type":"ListItem","position":3,"name":"Kanall\u0131 Klima Sistemleri"}]},{"@type":"WebSite","@id":"https:\/\/hbklima.com\/#website","url":"https:\/\/hbklima.com\/","name":"HB Klima Servisi","description":"Klima Servisi","potentialAction":[{"@type":"SearchAction","target":{"@type":"EntryPoint","urlTemplate":"https:\/\/hbklima.com\/?s={search_term_string}"},"query-input":{"@type":"PropertyValueSpecification","valueRequired":true,"valueName":"search_term_string"}}],"inLanguage":"tr"}]}},"_links":{"self":[{"href":"https:\/\/hbklima.com\/index.php\/wp-json\/wp\/v2\/pages\/1002","targetHints":{"allow":["GET"]}}],"collection":[{"href":"https:\/\/hbklima.com\/index.php\/wp-json\/wp\/v2\/pages"}],"about":[{"href":"https:\/\/hbklima.com\/index.php\/wp-json\/wp\/v2\/types\/page"}],"author":[{"embeddable":true,"href":"https:\/\/hbklima.com\/index.php\/wp-json\/wp\/v2\/users\/1"}],"replies":[{"embeddable":true,"href":"https:\/\/hbklima.com\/index.php\/wp-json\/wp\/v2\/comments?post=1002"}],"version-history":[{"count":27,"href":"https:\/\/hbklima.com\/index.php\/wp-json\/wp\/v2\/pages\/1002\/revisions"}],"predecessor-version":[{"id":3165,"href":"https:\/\/hbklima.com\/index.php\/wp-json\/wp\/v2\/pages\/1002\/revisions\/3165"}],"up":[{"embeddable":true,"href":"https:\/\/hbklima.com\/index.php\/wp-json\/wp\/v2\/pages\/868"}],"wp:featuredmedia":[{"embeddable":true,"href":"https:\/\/hbklima.com\/index.php\/wp-json\/wp\/v2\/media\/2557"}],"wp:attachment":[{"href":"https:\/\/hbklima.com\/index.php\/wp-json\/wp\/v2\/media?parent=1002"}],"curies":[{"name":"wp","href":"https:\/\/api.w.org\/{rel}","templated":true}]}}